{"id":15882,"date":"2022-04-22T14:59:39","date_gmt":"2022-04-22T12:59:39","guid":{"rendered":"https:\/\/www.clean-air.cz\/sety\/ready-2-weld-set-verus-air-basic\/"},"modified":"2022-04-22T14:59:47","modified_gmt":"2022-04-22T12:59:47","slug":"ready-2-weld-set-verus-air-basic","status":"publish","type":"page","link":"https:\/\/www.clean-air.cz\/cs\/sety\/ready-2-weld-set-verus-air-basic\/","title":{"rendered":"Ready 2 Weld set Verus air &#038; Basic"},"content":{"rendered":"<p>[vc_row][vc_column width=&#8220;1\/2&#8243;][vc_gallery interval=&#8220;0&#8243; images=&#8220;15567&#8243; img_size=&#8220;large&#8220;][\/vc_column][vc_column width=&#8220;1\/2&#8243;][vc_column_text]<strong><span style=\"font-size: 14pt; color: #be0300;\">\u0160pi\u010dkov\u00e1 ochrana pro ka\u017ed\u00e9ho sv\u00e1\u0159e\u010de<\/span><\/strong><\/p>\n<p>Ready 2 Weld obsahuje v\u0161e co pot\u0159ebujete pro pr\u00e1ci v praktick\u00e9m balen\u00ed.<\/p>\n<p>Set obsahuje sv\u00e1\u0159e\u010dskou kuklu s inovativn\u00edm integrovan\u00fdm rozvodem vzduchu, \u00a0na\u0161i spolehliv\u011b prov\u011b\u0159enou filtra\u010dn\u011b-ventila\u010dn\u00ed jednotku Basic a ve\u0161ker\u00e9 nezbytn\u00e9 p\u0159\u00edslu\u0161enstv\u00ed. Cel\u00fd set je ulo\u017een v praktick\u00e9 transportn\u00ed ta\u0161ce CleanAIR.[\/vc_column_text][\/vc_column][\/vc_row][vc_row][vc_column css=&#8220;.vc_custom_1591947369886{margin-top: -100px !important;}&#8220;][vc_column_text]<span style=\"font-size: 18pt;\">Co naleznete v setu<\/span>[\/vc_column_text][\/vc_column][\/vc_row][vc_row][vc_column width=&#8220;1\/3&#8243;][vc_column_text css=&#8220;.vc_custom_1649317902929{margin-bottom: 30px !important;}&#8220;]<\/p>\n<h1 class=\"entry-title\"><span style=\"color: #993300; font-size: 14pt;\"><strong>CleanAIR<sup>\u00ae<\/sup> Verus air<\/strong><\/span><\/h1>\n<p>Samostm\u00edvac\u00ed sv\u00e1\u0159e\u010dskou kuklu s inovativn\u00edm integrovan\u00fdm rozvodem vzduchu pro zv\u00fd\u0161en\u00ed u\u017eivatelsk\u00e9ho komfortu a ochranu d\u00fdchac\u00edch cest bez kompromis\u016f.<\/p>\n<p><img loading=\"lazy\" decoding=\"async\" class=\"alignnone size-medium wp-image-14711\" src=\"https:\/\/www.clean-air.cz\/wp-content\/uploads\/2022\/01\/703001_Verus_air-iso-300x300.jpg\" alt=\"\" width=\"300\" height=\"300\" srcset=\"https:\/\/www.clean-air.cz\/wp-content\/uploads\/2022\/01\/703001_Verus_air-iso-300x300.jpg 300w, https:\/\/www.clean-air.cz\/wp-content\/uploads\/2022\/01\/703001_Verus_air-iso-1024x1024.jpg 1024w, https:\/\/www.clean-air.cz\/wp-content\/uploads\/2022\/01\/703001_Verus_air-iso-150x150.jpg 150w, https:\/\/www.clean-air.cz\/wp-content\/uploads\/2022\/01\/703001_Verus_air-iso-768x768.jpg 768w, https:\/\/www.clean-air.cz\/wp-content\/uploads\/2022\/01\/703001_Verus_air-iso-800x800.jpg 800w, https:\/\/www.clean-air.cz\/wp-content\/uploads\/2022\/01\/703001_Verus_air-iso-250x250.jpg 250w, https:\/\/www.clean-air.cz\/wp-content\/uploads\/2022\/01\/703001_Verus_air-iso.jpg 1200w\" sizes=\"(max-width: 300px) 100vw, 300px\" \/>[\/vc_column_text][vc_btn title=&#8220;Zobrazit produkt&#8220; shape=&#8220;square&#8220; color=&#8220;danger&#8220; align=&#8220;left&#8220; link=&#8220;url:https%3A%2F%2Fwww.clean-air.cz%2Fcs%2Fhlavove-dily%2Fbrusne-stity%2Faertec-seemax%2F|title:Zobrazit%20produkt|&#8220;][\/vc_column][vc_column width=&#8220;1\/3&#8243;][vc_column_text]<strong><span style=\"font-size: 14pt; color: #be0300;\">CleanAIR<sup>\u00ae<\/sup> Basic<\/span><\/strong><\/p>\n<p>Filtra\u010dn\u011b-ventila\u010dn\u00ed jednotku s \u010d\u00e1sticov\u00fdmi filtry a Li-ion akumul\u00e1torem.<\/p>\n<p><img loading=\"lazy\" decoding=\"async\" class=\"alignnone size-medium wp-image-10774\" src=\"https:\/\/www.clean-air.cz\/wp-content\/uploads\/2020\/06\/Basic_without_belt-iso-copy-300x262.jpg\" alt=\"\" width=\"300\" height=\"262\" srcset=\"https:\/\/www.clean-air.cz\/wp-content\/uploads\/2020\/06\/Basic_without_belt-iso-copy-300x262.jpg 300w, https:\/\/www.clean-air.cz\/wp-content\/uploads\/2020\/06\/Basic_without_belt-iso-copy.jpg 595w\" sizes=\"(max-width: 300px) 100vw, 300px\" \/>[\/vc_column_text][vc_btn title=&#8220;Zobrazit produkt&#8220; shape=&#8220;square&#8220; color=&#8220;danger&#8220; align=&#8220;center&#8220; link=&#8220;url:https%3A%2F%2Fwww.clean-air.cz%2Fcs%2Fsystem-osobni-ochrany-dychacich-cest%2Fcleanair-aergo%2F|title:Zobrazit%20produkt|&#8220;][\/vc_column][vc_column width=&#8220;1\/3&#8243;][vc_column_text]<strong><span style=\"font-size: 14pt; color: #be0300;\">P\u0159\u00edslu\u0161enstv\u00ed<\/span><\/strong><\/p>\n<p>Hadici QuickLOCK\u2122, akumul\u00e1tor, nab\u00edje\u010dku, v\u0161e zabaleno v praktick\u00e9 transportn\u00ed ta\u0161ce CleanAIR\u00ae.<\/p>\n<p><img loading=\"lazy\" decoding=\"async\" class=\"alignnone size-medium wp-image-15530\" src=\"https:\/\/www.clean-air.cz\/wp-content\/uploads\/2022\/04\/CleanAIR_bag-iso-300x261.jpg\" alt=\"\" width=\"300\" height=\"261\" srcset=\"https:\/\/www.clean-air.cz\/wp-content\/uploads\/2022\/04\/CleanAIR_bag-iso-300x261.jpg 300w, https:\/\/www.clean-air.cz\/wp-content\/uploads\/2022\/04\/CleanAIR_bag-iso.jpg 624w\" sizes=\"(max-width: 300px) 100vw, 300px\" \/>[\/vc_column_text][\/vc_column][\/vc_row]<\/p>\n","protected":false},"excerpt":{"rendered":"<p>[vc_row][vc_column width=&#8220;1\/2&#8243;][vc_gallery interval=&#8220;0&#8243; images=&#8220;15567&#8243; img_size=&#8220;large&#8220;][\/vc_column][vc_column width=&#8220;1\/2&#8243;][vc_column_text]\u0160pi\u010dkov\u00e1 ochrana pro ka\u017ed\u00e9ho sv\u00e1\u0159e\u010de Ready 2 Weld obsahuje v\u0161e co pot\u0159ebujete pro pr\u00e1ci v praktick\u00e9m balen\u00ed. Set obsahuje sv\u00e1\u0159e\u010dskou kuklu s inovativn\u00edm integrovan\u00fdm rozvodem vzduchu, \u00a0na\u0161i spolehliv\u011b prov\u011b\u0159enou filtra\u010dn\u011b-ventila\u010dn\u00ed jednotku Basic a ve\u0161ker\u00e9 nezbytn\u00e9 p\u0159\u00edslu\u0161enstv\u00ed. Cel\u00fd set je ulo\u017een v praktick\u00e9 transportn\u00ed ta\u0161ce CleanAIR.[\/vc_column_text][\/vc_column][\/vc_row][vc_row][vc_column css=&#8220;.vc_custom_1591947369886{margin-top: -100px !important;}&#8220;][vc_column_text]Co naleznete v setu[\/vc_column_text][\/vc_column][\/vc_row][vc_row][vc_column width=&#8220;1\/3&#8243;][vc_column_text css=&#8220;.vc_custom_1649317902929{margin-bottom: 30px !important;}&#8220;] CleanAIR\u00ae Verus air Samostm\u00edvac\u00ed sv\u00e1\u0159e\u010dskou kuklu s inovativn\u00edm integrovan\u00fdm rozvodem<\/p>\n<p><a class=\"more-link\" href=\"https:\/\/www.clean-air.cz\/cs\/sety\/ready-2-weld-set-verus-air-basic\/\">Read More<\/a><\/p>\n","protected":false},"author":11,"featured_media":0,"parent":10122,"menu_order":0,"comment_status":"closed","ping_status":"closed","template":"","meta":{"footnotes":""},"_links":{"self":[{"href":"https:\/\/www.clean-air.cz\/cs\/wp-json\/wp\/v2\/pages\/15882"}],"collection":[{"href":"https:\/\/www.clean-air.cz\/cs\/wp-json\/wp\/v2\/pages"}],"about":[{"href":"https:\/\/www.clean-air.cz\/cs\/wp-json\/wp\/v2\/types\/page"}],"author":[{"embeddable":true,"href":"https:\/\/www.clean-air.cz\/cs\/wp-json\/wp\/v2\/users\/11"}],"replies":[{"embeddable":true,"href":"https:\/\/www.clean-air.cz\/cs\/wp-json\/wp\/v2\/comments?post=15882"}],"version-history":[{"count":0,"href":"https:\/\/www.clean-air.cz\/cs\/wp-json\/wp\/v2\/pages\/15882\/revisions"}],"up":[{"embeddable":true,"href":"https:\/\/www.clean-air.cz\/cs\/wp-json\/wp\/v2\/pages\/10122"}],"wp:attachment":[{"href":"https:\/\/www.clean-air.cz\/cs\/wp-json\/wp\/v2\/media?parent=15882"}],"curies":[{"name":"wp","href":"https:\/\/api.w.org\/{rel}","templated":true}]}}