{"id":15796,"date":"2022-04-13T10:12:14","date_gmt":"2022-04-13T08:12:14","guid":{"rendered":"https:\/\/www.clean-air.cz\/ready-2-work-sets\/"},"modified":"2022-05-31T11:05:42","modified_gmt":"2022-05-31T09:05:42","slug":"ready-2-work-sets","status":"publish","type":"page","link":"https:\/\/www.clean-air.cz\/cs\/ready-2-work-sets\/","title":{"rendered":"Ready 2 Work sety"},"content":{"rendered":"<p>[vc_row][vc_column][vc_column_text]<strong><span data-preserver-spaces=\"true\">Ready 2 Work<\/span><\/strong> <span data-preserver-spaces=\"true\">sety <\/span><strong><span data-preserver-spaces=\"true\">CleanAIR<sup>\u00ae<\/sup> <\/span><\/strong><span data-preserver-spaces=\"true\">obsahuj\u00ed v\u0161e co pot\u0159ebujete k pr\u00e1ci v jednom balen\u00ed. Set se skl\u00e1d\u00e1 z hlavov\u00e9ho d\u00edlu &#8211; <a href=\"https:\/\/www.clean-air.cz\/cs\/hlavove-dily\/brusne-stity\/\">brusn\u00fd<\/a> nebo <a href=\"\/cs\/hlavove-dily\/ochranne-prilby\/\">ochrann\u00fd<\/a> \u0161t\u00edt, <a href=\"https:\/\/www.clean-air.cz\/cs\/system-osobni-ochrany-dychacich-cest\/\">filtra\u010dn\u011b-ventila\u010dn\u00ed jednotku<\/a>, hadici a to v\u0161e v praktick\u00e9m plastov\u00e9m kufru.<\/span>[\/vc_column_text][\/vc_column][\/vc_row][vc_row][vc_column][vc_column_text css=&#8220;.vc_custom_1649762954929{margin-bottom: -5px !important;}&#8220;]<strong><span style=\"font-size: 14pt; color: #be0300;\">Ready 2 Work<\/span><\/strong>[\/vc_column_text][\/vc_column][\/vc_row][vc_row][vc_column width=&#8220;1\/4&#8243;][vc_single_image image=&#8220;15662&#8243; img_size=&#8220;full&#8220; alignment=&#8220;center&#8220; title=&#8220;Omnira air &amp; AerGO\u00ae&#8220;][vc_btn title=&#8220;Zobrazit produkt&#8220; color=&#8220;juicy-pink&#8220; align=&#8220;center&#8220; i_icon_fontawesome=&#8220;fas fa-arrow-right&#8220; add_icon=&#8220;true&#8220; link=&#8220;url:https%3A%2F%2Fwww.clean-air.cz%2Fsets%2Fready-2-work-set-omnira-air-aergo%2F|title:Ready%202%20Weld%20set%20Omnira%20COMBI%20air%20%26%20AerGO%C2%AE|&#8220;][\/vc_column][vc_column width=&#8220;1\/4&#8243;][vc_single_image image=&#8220;15668&#8243; img_size=&#8220;full&#8220; alignment=&#8220;center&#8220; title=&#8220;Omnira air &amp; Basic&#8220;][vc_btn title=&#8220;Zobrazit produkt&#8220; color=&#8220;juicy-pink&#8220; align=&#8220;center&#8220; i_icon_fontawesome=&#8220;fas fa-arrow-right&#8220; add_icon=&#8220;true&#8220; link=&#8220;url:https%3A%2F%2Fwww.clean-air.cz%2Fcs%2Fready-2-work-sets%2Fready-2-work-set-omnira-air-basic%2F|title:Ready%202%20Weld%20set%20Omnira%20COMBI%20air%20%26%20Basic|&#8220;][\/vc_column][vc_column width=&#8220;1\/4&#8243;][vc_single_image image=&#8220;15710&#8243; img_size=&#8220;full&#8220; alignment=&#8220;center&#8220; title=&#8220;UniMask &amp; AerGO\u00ae&#8220;][vc_btn title=&#8220;Zobrazit produkt&#8220; color=&#8220;juicy-pink&#8220; align=&#8220;center&#8220; i_icon_fontawesome=&#8220;fas fa-arrow-right&#8220; add_icon=&#8220;true&#8220; link=&#8220;url:https%3A%2F%2Fwww.clean-air.cz%2Fsets%2Fready-2-work-set-unimask-aergo%2F|title:Ready%202%20Weld%20set%20Omnira%20COMBI%20air%20%26%20AerGO%C2%AE|&#8220;][\/vc_column][vc_column width=&#8220;1\/4&#8243;][vc_single_image image=&#8220;15704&#8243; img_size=&#8220;full&#8220; alignment=&#8220;center&#8220; title=&#8220;UniMask &amp; Chemical 2F&#8220;][vc_btn title=&#8220;Zobrazit produkt&#8220; color=&#8220;juicy-pink&#8220; align=&#8220;center&#8220; i_icon_fontawesome=&#8220;fas fa-arrow-right&#8220; add_icon=&#8220;true&#8220; link=&#8220;url:https%3A%2F%2Fwww.clean-air.cz%2Fsets%2Fready-2-work-set-unimask-chemical-2f%2F|title:Ready%202%20Weld%20set%20Omnira%20COMBI%20air%20%26%20AerGO%C2%AE|&#8220;][\/vc_column][\/vc_row][vc_row][vc_column width=&#8220;1\/4&#8243;][vc_single_image image=&#8220;16161&#8243; img_size=&#8220;full&#8220; alignment=&#8220;center&#8220; title=&#8220;AerTEC\u2122 SeeMAX &amp; AerGO\u00ae&#8220;][vc_btn title=&#8220;Zobrazit produkt&#8220; color=&#8220;juicy-pink&#8220; align=&#8220;center&#8220; i_icon_fontawesome=&#8220;fas fa-arrow-right&#8220; add_icon=&#8220;true&#8220; link=&#8220;url:https%3A%2F%2Fwww.clean-air.cz%2Fcs%2Fsety%2Fready-2-work-set-aertec-seemax-aergo%2F|title:R2W%20AerTEC%E2%84%A2%20SeeMAX%20%26%20AerGO%C2%AE|&#8220;][\/vc_column][vc_column width=&#8220;1\/4&#8243;][vc_single_image image=&#8220;16167&#8243; img_size=&#8220;full&#8220; alignment=&#8220;center&#8220; title=&#8220;AerTEC\u2122 SeeMAX &amp; Basic&#8220;][vc_btn title=&#8220;Zobrazit produkt&#8220; color=&#8220;juicy-pink&#8220; align=&#8220;center&#8220; i_icon_fontawesome=&#8220;fas fa-arrow-right&#8220; add_icon=&#8220;true&#8220; link=&#8220;url:https%3A%2F%2Fwww.clean-air.cz%2Fcs%2Fsety%2Fready-2-work-set-seemax-basic%2F|title:R2W%20AerTEC%E2%84%A2%20SeeMAX%20%26%20Basic|&#8220;][\/vc_column][vc_column width=&#8220;1\/4&#8243;][\/vc_column][vc_column width=&#8220;1\/4&#8243;][\/vc_column][\/vc_row]<\/p>\n","protected":false},"excerpt":{"rendered":"<p>[vc_row][vc_column][vc_column_text]Ready 2 Work sety CleanAIR\u00ae obsahuj\u00ed v\u0161e co pot\u0159ebujete k pr\u00e1ci v jednom balen\u00ed. Set se skl\u00e1d\u00e1 z hlavov\u00e9ho d\u00edlu &#8211; brusn\u00fd nebo ochrann\u00fd \u0161t\u00edt, filtra\u010dn\u011b-ventila\u010dn\u00ed jednotku, hadici a to v\u0161e v praktick\u00e9m plastov\u00e9m kufru.[\/vc_column_text][\/vc_column][\/vc_row][vc_row][vc_column][vc_column_text css=&#8220;.vc_custom_1649762954929{margin-bottom: -5px !important;}&#8220;]Ready 2 Work[\/vc_column_text][\/vc_column][\/vc_row][vc_row][vc_column width=&#8220;1\/4&#8243;][vc_single_image image=&#8220;15662&#8243; img_size=&#8220;full&#8220; alignment=&#8220;center&#8220; title=&#8220;Omnira air &amp; AerGO\u00ae&#8220;][vc_btn title=&#8220;Zobrazit produkt&#8220; color=&#8220;juicy-pink&#8220; align=&#8220;center&#8220; i_icon_fontawesome=&#8220;fas fa-arrow-right&#8220; add_icon=&#8220;true&#8220; link=&#8220;url:https%3A%2F%2Fwww.clean-air.cz%2Fsets%2Fready-2-work-set-omnira-air-aergo%2F|title:Ready%202%20Weld%20set%20Omnira%20COMBI%20air%20%26%20AerGO%C2%AE|&#8220;][\/vc_column][vc_column width=&#8220;1\/4&#8243;][vc_single_image image=&#8220;15668&#8243; img_size=&#8220;full&#8220; alignment=&#8220;center&#8220; title=&#8220;Omnira air &amp; Basic&#8220;][vc_btn title=&#8220;Zobrazit produkt&#8220; color=&#8220;juicy-pink&#8220; align=&#8220;center&#8220; i_icon_fontawesome=&#8220;fas fa-arrow-right&#8220;<\/p>\n<p><a class=\"more-link\" href=\"https:\/\/www.clean-air.cz\/cs\/ready-2-work-sets\/\">Read More<\/a><\/p>\n","protected":false},"author":11,"featured_media":0,"parent":0,"menu_order":0,"comment_status":"closed","ping_status":"closed","template":"","meta":{"footnotes":""},"_links":{"self":[{"href":"https:\/\/www.clean-air.cz\/cs\/wp-json\/wp\/v2\/pages\/15796"}],"collection":[{"href":"https:\/\/www.clean-air.cz\/cs\/wp-json\/wp\/v2\/pages"}],"about":[{"href":"https:\/\/www.clean-air.cz\/cs\/wp-json\/wp\/v2\/types\/page"}],"author":[{"embeddable":true,"href":"https:\/\/www.clean-air.cz\/cs\/wp-json\/wp\/v2\/users\/11"}],"replies":[{"embeddable":true,"href":"https:\/\/www.clean-air.cz\/cs\/wp-json\/wp\/v2\/comments?post=15796"}],"version-history":[{"count":0,"href":"https:\/\/www.clean-air.cz\/cs\/wp-json\/wp\/v2\/pages\/15796\/revisions"}],"wp:attachment":[{"href":"https:\/\/www.clean-air.cz\/cs\/wp-json\/wp\/v2\/media?parent=15796"}],"curies":[{"name":"wp","href":"https:\/\/api.w.org\/{rel}","templated":true}]}}