{"id":15424,"date":"2022-03-24T09:03:07","date_gmt":"2022-03-24T08:03:07","guid":{"rendered":"https:\/\/www.clean-air.cz\/?page_id=15424"},"modified":"2022-04-19T15:02:14","modified_gmt":"2022-04-19T13:02:14","slug":"seznam-distributoru","status":"publish","type":"page","link":"https:\/\/www.clean-air.cz\/cs\/seznam-distributoru\/","title":{"rendered":"Seznam distributor\u016f CleanAIR\u00ae v \u010cR a SR"},"content":{"rendered":"<p style=\"text-align: center;\"><iframe loading=\"lazy\" src=\"https:\/\/www.google.com\/maps\/d\/u\/0\/embed?mid=1YMYlOYSEu5X9EcwHQ-ex-S4UT3bq0Cvm&amp;ehbc=2E312F\" width=\"640\" height=\"480\"><\/iframe><\/p>\n<table class=\"table-distributori\" style=\"width: 100%; border-style: solid; background-color: #ffffff; border-color: #ffffff; height: 5616px;\" cellspacing=\"1%\" cellpadding=\"10px\">\n<tbody>\n<tr style=\"height: 76px;\">\n<td style=\"height: 76px;\" colspan=\"3\">\n<h2>Praha<\/h2>\n<\/td>\n<\/tr>\n<tr style=\"height: 261px;\">\n<td style=\"width: 31%; background-color: #f7f7f7; border: 10px solid white; height: 261px;\">\n<h3>Klimafil Praha s.r.o.<\/h3>\n<p>Dvoreck\u00e1 28\/11, Praha 4<\/p>\n<p>tel.: +420 274 778 623<\/p>\n<p>obchod.klimafil.cz<\/p>\n<\/td>\n<td style=\"width: 31%; background-color: #f7f7f7; border: 10px solid white; height: 261px;\">\n<h3>Sv\u00e1\u0159ec\u00ed technika \u2013 OSVA s.r.o.<\/h3>\n<p>Nademlejnsk\u00e1 1096\/9, Praha 9 &#8211; Hloub\u011bt\u00edn<\/p>\n<p>tel.: +420 281 862 799<\/p>\n<p>www.osva.cz<\/p>\n<\/td>\n<td style=\"width: 31%; border: 10px solid white; height: 261px;\">\u00a0<\/td>\n<\/tr>\n<tr style=\"height: 76px;\">\n<td style=\"height: 76px;\" colspan=\"3\">\n<h2>St\u0159edo\u010desk\u00fd kraj<\/h2>\n<\/td>\n<\/tr>\n<tr style=\"height: 211px;\">\n<td style=\"width: 31%; background-color: #f7f7f7; border: 10px solid white; height: 211px;\">\n<h3>Schinkmann s.r.o.<\/h3>\n<p>Pr\u016fmyslov\u00e1 1072, Kosmonosy<\/p>\n<p>tel.: +420 326 770 088<\/p>\n<p>www.schinkmann.cz<\/p>\n<\/td>\n<td style=\"width: 31%; background-color: #f7f7f7; border: 10px solid white; height: 211px;\">\n<h3>CWM s.r.o.<\/h3>\n<p>Pivovarsk\u00e1 140, T\u00fdnec nad Labem<\/p>\n<p>tel.: +420 466 414 663<\/p>\n<p>www.cwm.cz<\/p>\n<\/td>\n<td style=\"width: 31%; background-color: #f7f7f7; border: 10px solid white; height: 211px;\">\n<h3>Proindustry s.r.o.<\/h3>\n<p>Drahelick\u00e1 178, Nymburk<\/p>\n<p>tel.: +420 325 531 058<\/p>\n<p>www.proindustry.cz<\/p>\n<\/td>\n<\/tr>\n<tr style=\"height: 211px;\">\n<td style=\"width: 31%; background-color: #f7f7f7; border: 10px solid white; height: 211px;\">\n<h3>Milan Vildman<\/h3>\n<p>Masarykova 234, Ho\u0159ovice<\/p>\n<p>+420 311 512 884<\/p>\n<p>www.vildman.eu<\/p>\n<\/td>\n<td style=\"width: 31%; background-color: #f7f7f7; border: 10px solid white; height: 211px;\">\n<h3>MEBO-WELD s.r.o.<\/h3>\n<p>Dubno 28, P\u0159\u00edbram<\/p>\n<p>+420 722 579 528<\/p>\n<p>www.mebo-weld.cz<\/p>\n<\/td>\n<td style=\"width: 31%; border: 10px solid white; height: 211px;\">\u00a0<\/td>\n<\/tr>\n<tr style=\"height: 76px;\">\n<td style=\"height: 76px;\" colspan=\"3\">\n<h2>Jiho\u010desk\u00fd kraj<\/h2>\n<\/td>\n<\/tr>\n<tr style=\"height: 211px;\">\n<td style=\"width: 31%; background-color: #f7f7f7; border: 10px solid white; height: 211px;\">\n<h3>HBT WELD s.r.o.<\/h3>\n<p>Okru\u017en\u00ed 720, \u010cesk\u00e9 Bud\u011bjovice<\/p>\n<p>tel.: +420 387 411 667<\/p>\n<p>www.hbt-weld.cz<\/p>\n<\/td>\n<td style=\"width: 31%; background-color: #f7f7f7; border: 10px solid white; height: 211px;\">\n<h3>B+J POWER s.r.o.<\/h3>\n<p>Ch\u00fdnovsk\u00e1 1098, T\u00e1bor<\/p>\n<p>+420 381 257 007<\/p>\n<p>www.bjpower.cz<\/p>\n<\/td>\n<td style=\"width: 31%; background-color: #f7f7f7; border: 10px solid white; height: 211px;\">\n<h3>V\u00edt Novotn\u00fd<\/h3>\n<p>\u017d\u00e1rovn\u00e1 44, Husinec<\/p>\n<p>tel. +420 736 642 961<\/p>\n<p>www.vnt-svarovani.eu<\/p>\n<\/td>\n<\/tr>\n<tr style=\"height: 76px;\">\n<td style=\"height: 76px;\" colspan=\"3\">\n<h2>Plze\u0148sk\u00fd kraj<\/h2>\n<\/td>\n<\/tr>\n<tr style=\"height: 240px;\">\n<td style=\"width: 31%; background-color: #f7f7f7; border: 10px solid white; height: 240px;\">\n<h3>VOCHOC TRADE s.r.o.<\/h3>\n<p>Doma\u017elick\u00e1 216\/38, Plze\u0148<\/p>\n<p>+420\u00a0377 388 723<\/p>\n<p>www.vochoc.cz<\/p>\n<\/td>\n<td style=\"width: 31%; background-color: #f7f7f7; border: 10px solid white; height: 240px;\">\n<h3>Ivo Vyzr\u00e1l &#8211; sva\u0159ovac\u00ed technika Plze\u0148<\/h3>\n<p>Borsk\u00e1 67, Plze\u0148 20<\/p>\n<p>+420 731 589 930<\/p>\n<p>www.svarovani-plzen.cz<\/p>\n<\/td>\n<td style=\"width: 31%; border: 10px solid white; height: 240px;\">\u00a0<\/td>\n<\/tr>\n<tr style=\"height: 76px;\">\n<td style=\"height: 76px;\" colspan=\"3\">\n<h2>Karlovarsk\u00fd kraj<\/h2>\n<\/td>\n<\/tr>\n<tr style=\"height: 211px;\">\n<td style=\"width: 31%; background-color: #f7f7f7; border: 10px solid white; height: 211px;\">\n<h3>Techmobil Cheb s.r.o.<\/h3>\n<p>Karlovarsk\u00e1 52, Cheb<\/p>\n<p>+420 354430550<\/p>\n<p>www.techmobil.cz<\/p>\n<\/td>\n<td style=\"width: 31%; background-color: #f7f7f7; border: 10px solid white; height: 211px;\">\n<h3>Maister CZ s.r.o.<\/h3>\n<p>Studentsk\u00e1 78\/25, Karlovy Vary<\/p>\n<p>tel: 800 555 150<\/p>\n<p>www.maister.cz<\/p>\n<\/td>\n<td style=\"width: 31%; border: 10px solid white; height: 211px;\">\u00a0<\/td>\n<\/tr>\n<tr style=\"height: 76px;\">\n<td style=\"height: 76px;\" colspan=\"3\">\n<h2>\u00dasteck\u00fd kraj<\/h2>\n<\/td>\n<\/tr>\n<tr style=\"height: 166px;\">\n<td style=\"width: 31%; background-color: #f7f7f7; border: 10px solid white; height: 166px;\">\n<h3>Linde Gas a.s.<\/h3>\n<p>Hrbovick\u00e1 155\/14, \u00dast\u00ed nad Labem<\/p>\n<p>www.linde-gas.cz<\/p>\n<\/td>\n<td style=\"width: 31%; border: 10px solid white; height: 166px;\">\u00a0<\/td>\n<td style=\"width: 31%; border: 10px solid white; height: 166px;\">\u00a0<\/td>\n<\/tr>\n<tr style=\"height: 76px;\">\n<td style=\"height: 76px;\" colspan=\"3\">\n<h2>Libereck\u00fd kraj<\/h2>\n<\/td>\n<\/tr>\n<tr style=\"height: 231px;\">\n<td style=\"width: 31%; background-color: #f7f7f7; border: 10px solid white; height: 231px;\">\n<h3>Artweld s.r.o.<\/h3>\n<p>N\u00e1dra\u017en\u00ed 120, Liberec<\/p>\n<p>+420 482 345 560<\/p>\n<p>www.artweld.cz<\/p>\n<\/td>\n<td style=\"width: 31%; background-color: #f7f7f7; border: 10px solid white; height: 231px;\">\n<h3>Artweld s.r.o.<\/h3>\n<p>K\u00a0\u010cern\u00e9 studnici 13, Jablonec nad Nisou<\/p>\n<p>+420 483 312 870<\/p>\n<p>www.artweld.cz<\/p>\n<\/td>\n<td style=\"width: 31%; border: 10px solid white; height: 231px;\">\u00a0<\/td>\n<\/tr>\n<tr style=\"height: 76px;\">\n<td style=\"height: 76px;\" colspan=\"3\">\n<h2>Kr\u00e1lov\u00e9hradeck\u00fd kraj<\/h2>\n<\/td>\n<\/tr>\n<tr style=\"height: 211px;\">\n<td style=\"width: 31%; background-color: #f7f7f7; border: 10px solid white; height: 211px;\">\n<h3>Profiweld-servis s.r.o.<\/h3>\n<p>V\u00e1\u017en\u00ed 531, Hradec Kr\u00e1lov\u00e9<\/p>\n<p>tel.: +420 494 900 084<\/p>\n<p>www.pw-servis.cz<\/p>\n<\/td>\n<td style=\"width: 31%; background-color: #f7f7f7; border: 10px solid white; height: 211px;\">\n<h3>Svarcentrum s.r.o.<\/h3>\n<p>Su\u0161ilova 1143, Hradec Kr\u00e1lov\u00e9<\/p>\n<p>tel.: + 420 495 436 591<\/p>\n<p>www.svarcentrum.cz<\/p>\n<\/td>\n<td style=\"width: 31%; background-color: #f7f7f7; border: 10px solid white; height: 211px;\">\n<h3>HST Technologic s.r.o.<\/h3>\n<p>Z\u00e1meck\u00e1 221, Vrchlab\u00ed<\/p>\n<p>tel.: +420 774 809 946<\/p>\n<p>www.hstcreative.cz<\/p>\n<\/td>\n<\/tr>\n<tr style=\"height: 211px;\">\n<td style=\"width: 31%; background-color: #f7f7f7; border: 10px solid white; height: 211px;\">\n<h3>Vojt\u011bch Lu\u0148\u00e1k<\/h3>\n<p>Pod Kapli\u010dkou 1187, N\u00e1chod<\/p>\n<p>tel.:\u00a0+420 774 828 505<\/p>\n<p>www.prosvareni.cz<\/p>\n<\/td>\n<td style=\"width: 31%; border: 10px solid white; height: 211px;\">\u00a0<\/td>\n<td style=\"width: 31%; border: 10px solid white; height: 211px;\">\u00a0<\/td>\n<\/tr>\n<tr style=\"height: 76px;\">\n<td style=\"height: 76px;\" colspan=\"3\">\n<h2>Pardubick\u00fd kraj<\/h2>\n<\/td>\n<\/tr>\n<tr style=\"height: 240px;\">\n<td style=\"width: 31%; background-color: #f7f7f7; border: 10px solid white; height: 240px;\">\n<h3>Obchodn\u00ed firma Hanousek s.r.o.<\/h3>\n<p>Milheimova 2702, Pardubice<\/p>\n<p>tel.:+420\u00a0466 335 155-6<\/p>\n<p>www.hanousek.cz<\/p>\n<\/td>\n<td style=\"width: 31%; background-color: #f7f7f7; border: 10px solid white; height: 240px;\">\n<h3>Technitom s.r.o.<\/h3>\n<p>L\u00e1ze\u0148sk\u00e1 354, \u00dast\u00ed nad Orlic\u00ed<\/p>\n<p>tel.: +420 603 171 355<\/p>\n<p>www.technitom.cz<\/p>\n<\/td>\n<td style=\"width: 31%; background-color: #f7f7f7; border: 10px solid white; height: 240px;\">\n<h3>Centrum sv\u00e1\u0159ec\u00ed techniky s.r.o.<\/h3>\n<p>\u00dasteck\u00e1 115, \u010cesk\u00e1 T\u0159ebov\u00e1<\/p>\n<p>tel.: +420 464 601 203<\/p>\n<p>www.svarecky.info<\/p>\n<\/td>\n<\/tr>\n<tr style=\"height: 76px;\">\n<td style=\"height: 76px;\" colspan=\"3\">\n<h2>Kraj Vyso\u010dina<\/h2>\n<\/td>\n<\/tr>\n<tr style=\"height: 240px;\">\n<td style=\"width: 31%; background-color: #f7f7f7; border: 10px solid white; height: 240px;\">\n<h3>Dole\u017eal Pelh\u0159imov s.r.o.<\/h3>\n<p>Hod\u011bjovick\u00e1 2309, Pelh\u0159imov<\/p>\n<p>tel.: +420 565 322 100<\/p>\n<p>www.dolezal-pe.cz<\/p>\n<\/td>\n<td style=\"width: 31%; background-color: #f7f7f7; border: 10px solid white; height: 240px;\">\n<h3>Trade s.r.o.<\/h3>\n<p>Znojemsk\u00e1 80, Jihlava<\/p>\n<p>tel.: +420 777 852 799<\/p>\n<p>www.tradeweld.cz<\/p>\n<\/td>\n<td style=\"width: 31%; background-color: #f7f7f7; border: 10px solid white; height: 240px;\">\n<h3>Lenka K\u00fcthreiberov\u00e1 AEK sva\u0159ovac\u00ed technika<\/h3>\n<p>Pra\u017esk\u00e1 428\/13, T\u0159eb\u00ed\u010d<\/p>\n<p>Tel.: +420 568 853 213<\/p>\n<p>www.aek-svareci-technika.cz<\/p>\n<\/td>\n<\/tr>\n<tr style=\"height: 76px;\">\n<td style=\"height: 76px;\" colspan=\"3\">\n<h2>Jihomoravsk\u00fd kraj<\/h2>\n<\/td>\n<\/tr>\n<tr style=\"height: 211px;\">\n<td style=\"width: 31%; background-color: #f7f7f7; border: 10px solid white; height: 211px;\">\n<h3>WELDTECH v.o.s.<\/h3>\n<p>Vranovsk\u00e1 21, Brno<\/p>\n<p>tel.: +420\u00a0545 210 176<\/p>\n<p>www.weldtech.cz<\/p>\n<\/td>\n<td style=\"width: 31%; background-color: #f7f7f7; border: 10px solid white; height: 211px;\">\n<h3>Weldpoint s.r.o.<\/h3>\n<p>Zak\u0159any 141<\/p>\n<p>tel.: +420 732 201 981<\/p>\n<p>www.weldpoint.eu<\/p>\n<\/td>\n<td style=\"width: 31%; background-color: #f7f7f7; border: 10px solid white; height: 211px;\">\n<h3>J-RIVAL s.r.o.<\/h3>\n<p>\u0160tef\u00e1nikova 4107\/42,\u00a0Hodon\u00edn<\/p>\n<p>+420 775 341 755<\/p>\n<p>www.naradilukovsky.cz<\/p>\n<\/td>\n<\/tr>\n<tr style=\"height: 76px;\">\n<td style=\"height: 76px;\" colspan=\"3\">\n<h2>Olomouck\u00fd kraj<\/h2>\n<\/td>\n<\/tr>\n<tr style=\"height: 240px;\">\n<td style=\"width: 31%; background-color: #f7f7f7; border: 10px solid white; height: 240px;\">\n<h3>KRAKO \u2013 WELDING s.r.o.<\/h3>\n<p>Nov\u00fd Mal\u00edn 507<\/p>\n<p>Tel.: +420 583 285 414<\/p>\n<p>www.krakowelding-eshop.cz<\/p>\n<\/td>\n<td style=\"width: 31%; background-color: #f7f7f7; border: 10px solid white; height: 240px;\">\n<h3>Roxom Group s.r.o.<\/h3>\n<p>Vrchlick\u00e9ho 18, Mohelnice<\/p>\n<p>tel.: +420 737 392 518<\/p>\n<p>www.roxom.cz<\/p>\n<\/td>\n<td style=\"width: 31%; background-color: #f7f7f7; border: 10px solid white; height: 240px;\">\n<h3>SIWECO s.r.o.<\/h3>\n<p>Poup\u011btova 1132\/7, Olomouc<\/p>\n<p>tel.: +420 585 418 240<\/p>\n<p>www.siweco.cz<\/p>\n<\/td>\n<\/tr>\n<tr style=\"height: 240px;\">\n<td style=\"width: 31%; background-color: #f7f7f7; border: 10px solid white; height: 240px;\">\n<h3>SIWECO s.r.o.<\/h3>\n<p>Tov\u00e1rn\u00ed 7, P\u0159erov<\/p>\n<p>+420 581 209 470<\/p>\n<p>www.siweco.cz<\/p>\n<\/td>\n<td style=\"width: 31%; background-color: #f7f7f7; border: 10px solid white; height: 240px;\">\n<h3>Moravsk\u00fd QUICK &#8211; SERVIS, spol. s r.o.<\/h3>\n<p>Drozdovice 1031\/12, Prost\u011bjov<\/p>\n<p>tel.: +420 582 360 286<\/p>\n<p>www.morquick.cz<\/p>\n<\/td>\n<td style=\"width: 31%; border: 10px solid white; height: 240px;\">\u00a0<\/td>\n<\/tr>\n<tr style=\"height: 76px;\">\n<td style=\"height: 76px;\" colspan=\"3\">\n<h2>Moravskoslezsk\u00fd kraj<\/h2>\n<\/td>\n<\/tr>\n<tr style=\"height: 240px;\">\n<td style=\"width: 31%; background-color: #f7f7f7; border: 10px solid white; height: 240px;\">\n<h3>GERYCH &#8211; Prvn\u00ed sv\u00e1\u0159ec\u00ed s.r.o.<\/h3>\n<p>Fr\u00fddeck\u00e1 131, Ostrava<\/p>\n<p>tel.: +420 800 555 305<\/p>\n<p>www.gerych.cz<\/p>\n<\/td>\n<td style=\"width: 31%; background-color: #f7f7f7; border: 10px solid white; height: 240px;\">\n<h3>Disam Safety s.r.o.<\/h3>\n<p>Aloise Jir\u00e1ska 1526\/1 Hav\u00ed\u0159ov<\/p>\n<p>tel.: +420 596 624 947<\/p>\n<p>www.disamsafety.cz<\/p>\n<\/td>\n<td style=\"width: 31%; background-color: #f7f7f7; border: 10px solid white; height: 240px;\">\n<h3>VEBO s.r.o.<\/h3>\n<p>Slezsk\u00e1 1292, Fr\u00fddek \u2013 M\u00edstek<\/p>\n<p>tel.: +420 558 630 363<\/p>\n<p>www.vebo.cz<\/p>\n<\/td>\n<\/tr>\n<tr style=\"height: 240px;\">\n<td style=\"width: 31%; background-color: #f7f7f7; border: 10px solid white; height: 240px;\">\n<h3>Svar Ostrava<\/h3>\n<p>Rudn\u00e1 711\/78, Ostrava<\/p>\n<p>tel.: +420 800 331 145<\/p>\n<p>www.svar.cz<\/p>\n<\/td>\n<td style=\"width: 31%; background-color: #f7f7f7; border: 10px solid white; height: 240px;\">\n<h3>WELDING Ostrava &#8211; WELDO s.r.o.<\/h3>\n<p>Teslova 1118,\u00a0Ostrava<\/p>\n<p>tel.: +420 596 622 636<\/p>\n<p>www.weldingostrava.cz<\/p>\n<\/td>\n<td style=\"height: 240px;\">\u00a0<\/td>\n<\/tr>\n<tr style=\"height: 76px;\">\n<td style=\"height: 76px;\" colspan=\"3\">\n<h2>Zl\u00ednsk\u00fd kraj<\/h2>\n<\/td>\n<\/tr>\n<tr style=\"height: 211px;\">\n<td style=\"width: 31%; background-color: #f7f7f7; border: 10px solid white; height: 211px;\">\n<h3>H+M Zl\u00edn a.s.<\/h3>\n<p>K Farm\u011b 495, Zl\u00edn<\/p>\n<p>tel.: +420 577 914 306<\/p>\n<p>www.ham-zlin.cz<\/p>\n<\/td>\n<td style=\"width: 31%; background-color: #f7f7f7; border: 10px solid white; height: 211px;\">\n<h3>Degas s.r.o.<\/h3>\n<p>Hul\u00ednsk\u00e1 1801\/1A, Krom\u011b\u0159\u00ed\u017e<\/p>\n<p>tel.: +420 573 502 211<\/p>\n<p>www.degas-km.cz<\/p>\n<\/td>\n<td style=\"width: 31%; background-color: #f7f7f7; border: 10px solid white; height: 211px;\">\n<h3>Lud\u011bk St\u00f6hr<\/h3>\n<p>T\u011bchlovsk\u00e1 1088, Vizovice<\/p>\n<p>tel.: +420 603 257 080<\/p>\n<p>www.stohrelektro.cz<\/p>\n<\/td>\n<\/tr>\n<tr style=\"height: 166px;\">\n<td style=\"width: 31%; background-color: #f7f7f7; border: 10px solid white; height: 166px;\">\n<h3>Ev\u017een Klega<\/h3>\n<p>Husitsk\u00e1 238, Kunovice<\/p>\n<p>tel.: +420 572 549 037<\/p>\n<\/td>\n<td style=\"width: 31%; border: 10px solid white; background-color: #ffffff; height: 166px;\">\u00a0<\/td>\n<td style=\"width: 31%; border: 10px solid white; background-color: #ffffff; height: 166px;\">\u00a0<\/td>\n<\/tr>\n<tr style=\"height: 129px;\">\n<td style=\"height: 129px;\" colspan=\"3\">\n<h2>Slovensko<\/h2>\n<h2>Bratislavsk\u00fd kraj<\/h2>\n<\/td>\n<\/tr>\n<tr style=\"height: 231px;\">\n<td style=\"width: 31%; background-color: #f7f7f7; border: 10px solid white; height: 231px;\">\n<h3>Weld expert<\/h3>\n<p>Vl\u010die hrdlo 1033\/50, 821 07 Bratislava<\/p>\n<p>+421 903 933 976<\/p>\n<p>www.zvaracky-brusivo.sk<\/p>\n<\/td>\n<td style=\"width: 31%; border: 10px solid white; background-color: #ffffff; height: 231px; border-style: none;\">\u00a0<\/td>\n<td style=\"width: 31%; border: 10px solid white; background-color: #ffffff; height: 231px;\">\u00a0<\/td>\n<\/tr>\n<tr style=\"height: 129px;\">\n<td style=\"height: 129px;\" colspan=\"3\">\n<h2>Trnavsk\u00fd kraj<\/h2>\n<\/td>\n<\/tr>\n<tr style=\"height: 231px;\">\n<td style=\"width: 31%; background-color: #f7f7f7; border: 10px solid white; height: 231px;\">\n<h3>Azvaro<\/h3>\n<p>Vajansk\u00e9ho 1, 909 01 Skalica<\/p>\n<p>+421 34\/664 52 03<\/p>\n<p>www.azvaro.sk<\/p>\n<\/td>\n<td style=\"width: 31%; background-color: #f7f7f7; border: 10px solid white; height: 231px;\">\n<h3>Elektroplus<\/h3>\n<p>Trnavsk\u00e1 cesta 4455, Sere\u010f<\/p>\n<p>+421 31\/789 15 01<\/p>\n<p>www.elektroplus.sk<\/p>\n<\/td>\n<td style=\"width: 31%; border: 10px solid white; background-color: #ffffff; height: 231px;\">\u00a0<\/td>\n<\/tr>\n<tr style=\"height: 129px;\">\n<td style=\"height: 129px;\" colspan=\"3\">\n<h2>Nitriansky kraj<\/h2>\n<\/td>\n<\/tr>\n<tr style=\"height: 231px;\">\n<td style=\"width: 31%; background-color: #f7f7f7; border: 10px solid white; height: 231px;\">\n<h3>Nebex<\/h3>\n<p>Bratislavsk\u00e1 2623\/7, 949 01 Nitra<\/p>\n<p>+421 907 624 482<\/p>\n<p>www.nebex.sk<\/p>\n<\/td>\n<td style=\"width: 31%; background-color: #f7f7f7; border: 10px solid white; height: 231px;\">\n<h3><u>Formica<\/u><\/h3>\n<p>Spojovacia 521, 949 01 Nitra<\/p>\n<p>+421 37 6524593<\/p>\n<p>www.formica.sk<\/p>\n<\/td>\n<td style=\"width: 31%; background-color: #f7f7f7; border: 10px solid white; height: 231px;\">\n<h3>Hormi<\/h3>\n<p>V\u00e1\u017esky most 38, 94501 Kom\u00e1rno<\/p>\n<p>+421 35\/770 13 02<\/p>\n<p>www.hormi.sk<\/p>\n<\/td>\n<\/tr>\n<tr style=\"height: 129px;\">\n<td style=\"height: 129px;\" colspan=\"3\">\n<h2>Tren\u010diansk\u00fd kraj<\/h2>\n<\/td>\n<\/tr>\n<tr style=\"height: 231px;\">\n<td style=\"width: 31%; background-color: #f7f7f7; border: 10px solid white; height: 231px;\">\n<h3>AMP WELD<\/h3>\n<p>Pova\u017esk\u00e9 Podhradie 314, 017 04 Pova\u017esk\u00e1 Bystrica-Pova\u017esk\u00e9 Podhradie<\/p>\n<p>+421 42\/432 54 26<\/p>\n<p>ampweld.sk<\/p>\n<\/td>\n<td style=\"width: 31%; background-color: #f7f7f7; border: 10px solid white; height: 231px;\">\n<h3>Sol\u00edk SK<\/h3>\n<p>Odborov, 017 01 Pova\u017esk\u00e1 Bystrica<\/p>\n<p>+421 917 880 640<\/p>\n<p>www.solik.sk<\/p>\n<\/td>\n<td style=\"width: 31%; border: 10px solid white; background-color: #ffffff; height: 231px;\">\u00a0<\/td>\n<\/tr>\n<tr style=\"height: 129px;\">\n<td style=\"height: 129px;\" colspan=\"3\">\n<h2>\u017dilinsk\u00fd kraj<\/h2>\n<\/td>\n<\/tr>\n<tr style=\"height: 231px;\">\n<td style=\"width: 31%; background-color: #f7f7f7; border: 10px solid white; height: 231px;\">\n<h3>Kjellberg Trading<\/h3>\n<p>Na Bystri\u010dku 39, 036 01 Martin<\/p>\n<p>+421 43\/490 62 11<\/p>\n<p>kjellberg-trading.com<\/p>\n<\/td>\n<td style=\"width: 31%; background-color: #f7f7f7; border: 10px solid white; height: 231px;\">\n<h3>VAW WELDING<\/h3>\n<p>Hlavn\u00e1 1237\/3, 038 52 Su\u010dany \u2013 juh<\/p>\n<p>+421 43\/400 34 30<\/p>\n<p>www.vaw.sk<\/p>\n<\/td>\n<td style=\"width: 31%; border: 10px solid white; background-color: #ffffff; height: 231px;\">\u00a0<\/td>\n<\/tr>\n<tr style=\"height: 129px;\">\n<td style=\"height: 129px;\" colspan=\"3\">\n<h2>Banskobystrick\u00fd kraj<\/h2>\n<\/td>\n<\/tr>\n<tr style=\"height: 231px;\">\n<td style=\"width: 31%; background-color: #f7f7f7; border: 10px solid white; height: 231px;\">\n<h3>Valtec<\/h3>\n<p>Lieskovsk\u00e1 cesta 13, 962 21 Lieskovec<\/p>\n<p>+421 917 488 885<\/p>\n<p>www.valtec.sk<\/p>\n<\/td>\n<td style=\"width: 31%; border: 10px solid white; background-color: #ffffff; height: 231px;\">\u00a0<\/td>\n<td style=\"width: 31%; border: 10px solid white; background-color: #ffffff; height: 231px;\">\u00a0<\/td>\n<\/tr>\n<tr style=\"height: 129px;\">\n<td style=\"height: 129px;\" colspan=\"3\">\n<h2>Pre\u0161ovsk\u00fd kraj<\/h2>\n<\/td>\n<\/tr>\n<tr style=\"height: 231px;\">\n<td style=\"width: 31%; background-color: #f7f7f7; border: 10px solid white; height: 231px;\">\n<h3>Signum<\/h3>\n<p>Levo\u010dsk\u00e1 3312, 058 01 Poprad<\/p>\n<p>+421 903 437 448<\/p>\n<p>www.signumpoprad.sk<\/p>\n<\/td>\n<td style=\"width: 31%; background-color: #f7f7f7; border: 10px solid white; height: 231px;\">\n<h3>Technozvar<\/h3>\n<p>Strojn\u00edcka 3, 080 06 \u013dubotice-\u0160ari\u0161sk\u00e9 L\u00faky<\/p>\n<p>+421 51\/776 56 41<\/p>\n<p>technozvar.sk<\/p>\n<\/td>\n<td style=\"width: 31%; border: 10px solid white; background-color: #ffffff; height: 231px;\">\u00a0<\/td>\n<\/tr>\n<tr style=\"height: 129px;\">\n<td style=\"height: 129px;\" colspan=\"3\">\n<h2>Ko\u0161ick\u00fd kraj<\/h2>\n<\/td>\n<\/tr>\n<tr style=\"height: 231px;\">\n<td style=\"width: 31%; background-color: #f7f7f7; border: 10px solid white; height: 231px;\">\n<h3>Industrial Services<\/h3>\n<p>Ju\u017en\u00e1 trieda 1591\/66, 040 01 Ko\u0161ice<\/p>\n<p>+421 901 911 191<\/p>\n<\/td>\n<td style=\"width: 31%; border: 10px solid white; background-color: #ffffff; height: 231px;\">\u00a0<\/td>\n<td style=\"width: 31%; border: 10px solid white; background-color: #ffffff; height: 231px;\">\u00a0<\/td>\n<\/tr>\n<\/tbody>\n<\/table>\n\n","protected":false},"excerpt":{"rendered":"<p>Praha Klimafil Praha s.r.o. Dvoreck\u00e1 28\/11, Praha 4 tel.: +420 274 778 623 obchod.klimafil.cz Sv\u00e1\u0159ec\u00ed technika \u2013 OSVA s.r.o. Nademlejnsk\u00e1 1096\/9, Praha 9 &#8211; Hloub\u011bt\u00edn tel.: +420 281 862 799 www.osva.cz \u00a0 St\u0159edo\u010desk\u00fd kraj Schinkmann s.r.o. Pr\u016fmyslov\u00e1 1072, Kosmonosy tel.: +420 326 770 088 www.schinkmann.cz CWM s.r.o. Pivovarsk\u00e1 140, T\u00fdnec nad Labem tel.: +420 466 414 663 www.cwm.cz Proindustry s.r.o. Drahelick\u00e1 178, Nymburk tel.: +420 325 531 058 www.proindustry.cz Milan<\/p>\n<p><a class=\"more-link\" href=\"https:\/\/www.clean-air.cz\/cs\/seznam-distributoru\/\">Read More<\/a><\/p>\n","protected":false},"author":11,"featured_media":0,"parent":0,"menu_order":0,"comment_status":"closed","ping_status":"closed","template":"","meta":{"footnotes":""},"_links":{"self":[{"href":"https:\/\/www.clean-air.cz\/cs\/wp-json\/wp\/v2\/pages\/15424"}],"collection":[{"href":"https:\/\/www.clean-air.cz\/cs\/wp-json\/wp\/v2\/pages"}],"about":[{"href":"https:\/\/www.clean-air.cz\/cs\/wp-json\/wp\/v2\/types\/page"}],"author":[{"embeddable":true,"href":"https:\/\/www.clean-air.cz\/cs\/wp-json\/wp\/v2\/users\/11"}],"replies":[{"embeddable":true,"href":"https:\/\/www.clean-air.cz\/cs\/wp-json\/wp\/v2\/comments?post=15424"}],"version-history":[{"count":0,"href":"https:\/\/www.clean-air.cz\/cs\/wp-json\/wp\/v2\/pages\/15424\/revisions"}],"wp:attachment":[{"href":"https:\/\/www.clean-air.cz\/cs\/wp-json\/wp\/v2\/media?parent=15424"}],"curies":[{"name":"wp","href":"https:\/\/api.w.org\/{rel}","templated":true}]}}