{"id":15274,"date":"2022-03-04T15:27:09","date_gmt":"2022-03-04T14:27:09","guid":{"rendered":"https:\/\/www.clean-air.cz\/hlavove-dily\/brusne-stity\/omnira-air\/"},"modified":"2026-01-27T08:38:20","modified_gmt":"2026-01-27T07:38:20","slug":"omnira-air","status":"publish","type":"page","link":"https:\/\/www.clean-air.cz\/cs\/hlavove-dily\/brusne-stity\/omnira-air\/","title":{"rendered":"Omnira air"},"content":{"rendered":"<p>[vc_row][vc_column width=&#8220;1\/2&#8243;][vc_gallery interval=&#8220;3&#8243; images=&#8220;14999,15223&#8243; img_size=&#8220;large&#8220;][\/vc_column][vc_column width=&#8220;1\/2&#8243;][vc_column_text]<span style=\"color: #be0300;\"><span style=\"font-size: 18.6667px;\"><b>KDY\u017d POT\u0158EBUJETE PERFEKTN\u00cd OCHRANU<\/b><\/span><\/span><\/p>\n<p>Brusn\u00fd \u0161t\u00edt s integrovan\u00fdm rozvodem vzduchu pro nejvy\u0161\u0161\u00ed ochranu d\u00fdchac\u00edch cest, ochranu o\u010d\u00ed a obli\u010deje. Nab\u00edz\u00ed tak\u00e9 vysokou ochranu proti vysokorychlostn\u00edm \u010d\u00e1stic\u00edm. \u0160t\u00edt lze roz\u0161\u00ed\u0159it o sv\u00e1\u0159e\u010dsk\u00fd \u0161t\u00edt, \u010d\u00edm\u017e z\u00edsk\u00e1te plnohodnotnou sv\u00e1\u0159e\u010dskou v\u00fdklopnou helmu.<\/p>\n<p>\u0160t\u00edt je vyvinut\u00fd\u00a0pro pou\u017eit\u00ed v kombinaci s filtra\u010dn\u011b-ventila\u010dn\u00edmi<br \/>\nsyst\u00e9my pro ochranu d\u00fdchac\u00edch cest CleanAIR\u00ae nebo syst\u00e9my<br \/>\npro konstantn\u00ed dod\u00e1vku tlakov\u00e9ho vzduchu CleanAIR\u00ae.<\/p>\n<p><a href=\"https:\/\/www.clean-air.cz\/wp-content\/uploads\/2022\/01\/Brochure_Omnira_CZ_2022-A4-DIGI.pdf\" target=\"_blank\" rel=\"noopener\">Brochure Omnira CZ 2022 download<\/a>[\/vc_column_text][\/vc_column][\/vc_row][vc_row][vc_column width=&#8220;1\/3&#8243;][vc_column_text]<strong><span style=\"font-size: 14pt; color: #be0300;\">Lehk\u00fd a odoln\u00fd<\/span><\/strong><\/p>\n<p style=\"text-align: justify;\">Lehk\u00fd a odoln\u00fd \u0161t\u00edt, spl\u0148uje po\u017eadavky EN 175 B a t\u00edm zaji\u0161\u0165uje ochranu proti rychle let\u00edc\u00edm \u010d\u00e1stic\u00edm.<\/p>\n<p><img loading=\"lazy\" decoding=\"async\" class=\"alignnone wp-image-14903\" src=\"https:\/\/www.clean-air.cz\/wp-content\/uploads\/2022\/02\/Omnira-iso-300x300.jpg\" alt=\"\" width=\"462\" height=\"462\" srcset=\"https:\/\/www.clean-air.cz\/wp-content\/uploads\/2022\/02\/Omnira-iso-300x300.jpg 300w, https:\/\/www.clean-air.cz\/wp-content\/uploads\/2022\/02\/Omnira-iso-1024x1024.jpg 1024w, https:\/\/www.clean-air.cz\/wp-content\/uploads\/2022\/02\/Omnira-iso-150x150.jpg 150w, https:\/\/www.clean-air.cz\/wp-content\/uploads\/2022\/02\/Omnira-iso-768x768.jpg 768w, https:\/\/www.clean-air.cz\/wp-content\/uploads\/2022\/02\/Omnira-iso-1536x1536.jpg 1536w, https:\/\/www.clean-air.cz\/wp-content\/uploads\/2022\/02\/Omnira-iso-800x800.jpg 800w, https:\/\/www.clean-air.cz\/wp-content\/uploads\/2022\/02\/Omnira-iso-250x250.jpg 250w, https:\/\/www.clean-air.cz\/wp-content\/uploads\/2022\/02\/Omnira-iso.jpg 1600w\" sizes=\"(max-width: 462px) 100vw, 462px\" \/>[\/vc_column_text][\/vc_column][vc_column width=&#8220;1\/3&#8243;][vc_column_text]<strong><span style=\"font-size: 14pt; color: #be0300;\">Nejvy\u0161\u0161\u00ed stupe\u0148 ochrany d\u00fdchac\u00edch cest<\/span><\/strong><\/p>\n<p style=\"text-align: justify;\"><strong>Omnira air <\/strong>je vyvinuta pro pou\u017eit\u00ed v kombinaci s filtra\u010dn\u011b-ventila\u010dn\u00edmi syst\u00e9my pro ochranu d\u00fdchac\u00edch cest CleanAIR\u00ae nebo syst\u00e9my pro konstantn\u00ed dod\u00e1vku tlakov\u00e9ho vzduchu CleanAIR\u00ae.<\/p>\n<p style=\"text-align: justify;\"><img loading=\"lazy\" decoding=\"async\" class=\"alignnone wp-image-14979\" style=\"font-size: 1rem;\" src=\"https:\/\/www.clean-air.cz\/wp-content\/uploads\/2022\/02\/Omnira_air_AerGO-iso-300x300.jpg\" alt=\"\" width=\"426\" height=\"426\" srcset=\"https:\/\/www.clean-air.cz\/wp-content\/uploads\/2022\/02\/Omnira_air_AerGO-iso-300x300.jpg 300w, https:\/\/www.clean-air.cz\/wp-content\/uploads\/2022\/02\/Omnira_air_AerGO-iso-1024x1024.jpg 1024w, https:\/\/www.clean-air.cz\/wp-content\/uploads\/2022\/02\/Omnira_air_AerGO-iso-150x150.jpg 150w, https:\/\/www.clean-air.cz\/wp-content\/uploads\/2022\/02\/Omnira_air_AerGO-iso-768x768.jpg 768w, https:\/\/www.clean-air.cz\/wp-content\/uploads\/2022\/02\/Omnira_air_AerGO-iso-1536x1536.jpg 1536w, https:\/\/www.clean-air.cz\/wp-content\/uploads\/2022\/02\/Omnira_air_AerGO-iso-800x800.jpg 800w, https:\/\/www.clean-air.cz\/wp-content\/uploads\/2022\/02\/Omnira_air_AerGO-iso-250x250.jpg 250w, https:\/\/www.clean-air.cz\/wp-content\/uploads\/2022\/02\/Omnira_air_AerGO-iso.jpg 1600w\" sizes=\"(max-width: 426px) 100vw, 426px\" \/>ying respirators CleanAIR\u00ae or with continuous flow compressed air breathing apparatuses CleanAIR\u00ae.<\/p>\n<p>[\/vc_column_text][\/vc_column][vc_column width=&#8220;1\/3&#8243;][vc_column_text]<strong><span style=\"font-size: 14pt; color: #be0300;\">Nastaviteln\u00e9 proud\u011bn\u00ed vzduchu<\/span><\/strong><\/p>\n<p><strong>Pro maxim\u00e1ln\u00ed komfort m\u016f\u017eete nastavit proud\u011bn\u00ed vzduchu ve dvou z\u00f3n\u00e1ch<\/strong><\/p>\n<p><span style=\"color: #0000ff;\"><strong>Z\u00f3na 1 <\/strong><span style=\"color: #000000;\">ovl\u00e1dac\u00ed mechanismus, p\u0159\u00edstupn\u00fd z vn\u011bj\u0161\u00ed \u010d\u00e1sti kukly, ovl\u00e1d\u00e1 proud\u011bn\u00ed vzduchu vych\u00e1zej\u00edc\u00ed z doln\u00ed oblasti vzduchov\u00e9ho kan\u00e1lu<\/span><\/span><\/p>\n<p><strong><span style=\"color: #339966;\">Z\u00f3na 2<\/span><\/strong> <span style=\"color: #000000;\">dva posuvn\u00e9 ovl\u00e1dac\u00ed prvky na vnit\u0159n\u00ed stran\u011b kukly reguluj\u00ed intenzitu proud\u011bn\u00ed vzduchu do horn\u00ed, nebo spodn\u00ed \u010d\u00e1sti kukly<\/span><\/p>\n<p><img loading=\"lazy\" decoding=\"async\" class=\"alignnone wp-image-14851\" src=\"https:\/\/www.clean-air.cz\/wp-content\/uploads\/2022\/02\/703201_Omnira_COMBI_air-back-airflow-300x300.jpg\" alt=\"\" width=\"404\" height=\"404\" srcset=\"https:\/\/www.clean-air.cz\/wp-content\/uploads\/2022\/02\/703201_Omnira_COMBI_air-back-airflow-300x300.jpg 300w, https:\/\/www.clean-air.cz\/wp-content\/uploads\/2022\/02\/703201_Omnira_COMBI_air-back-airflow-1024x1024.jpg 1024w, https:\/\/www.clean-air.cz\/wp-content\/uploads\/2022\/02\/703201_Omnira_COMBI_air-back-airflow-150x150.jpg 150w, https:\/\/www.clean-air.cz\/wp-content\/uploads\/2022\/02\/703201_Omnira_COMBI_air-back-airflow-768x768.jpg 768w, https:\/\/www.clean-air.cz\/wp-content\/uploads\/2022\/02\/703201_Omnira_COMBI_air-back-airflow-1536x1536.jpg 1536w, https:\/\/www.clean-air.cz\/wp-content\/uploads\/2022\/02\/703201_Omnira_COMBI_air-back-airflow-800x800.jpg 800w, https:\/\/www.clean-air.cz\/wp-content\/uploads\/2022\/02\/703201_Omnira_COMBI_air-back-airflow-250x250.jpg 250w, https:\/\/www.clean-air.cz\/wp-content\/uploads\/2022\/02\/703201_Omnira_COMBI_air-back-airflow.jpg 1600w\" sizes=\"(max-width: 404px) 100vw, 404px\" \/>[\/vc_column_text][\/vc_column][\/vc_row][vc_row][vc_column width=&#8220;1\/3&#8243;][vc_column_text]<strong><span style=\"font-size: 14pt; color: #be0300;\">VariGEAR<\/span><\/strong><\/p>\n<p style=\"text-align: justify;\"><strong>SED\u00cd V\u0160EM<\/strong> Nov\u011b navr\u017een\u00fd hlavov\u00fd k\u0159\u00ed\u017e umo\u017e\u0148uje p\u0159esn\u00e9 nastaven\u00ed dle individu\u00e1ln\u00edch pot\u0159eb.<\/p>\n<p style=\"text-align: justify;\"><strong>POHODLN\u00dd HLAVOV\u00dd K\u0158\u00cd\u017d<\/strong> Vrchn\u00ed \u010d\u00e1st hlavov\u00e9ho k\u0159\u00ed\u017ee je vertik\u00e1ln\u011b nastaviteln\u00e1, pro r\u016fzn\u00e9 velikosti a tvary hlavy.<\/p>\n<p style=\"text-align: justify;\"><strong>RYCHL\u00c1 V\u00ddM\u011aNA<\/strong> Snadn\u00e1 v\u00fdm\u011bna hlavov\u00e9ho k\u0159\u00ed\u017ee bez nutnosti demont\u00e1\u017ee up\u00ednac\u00edho syst\u00e9mu.<\/p>\n<p style=\"text-align: justify;\"><strong>P\u0158ESN\u00c9 NASTAVEN\u00cd <\/strong>Jemn\u00fd r\u00e1\u010dnov\u00fd mechanismus umo\u017e\u0148uje p\u0159esn\u00e9 nastaven\u00ed obvodu hlavy a bezpe\u010dn\u00e9 uchycen\u00ed.<\/p>\n<p style=\"text-align: justify;\"><strong>P\u0158IZP\u016eSOBITELN\u00c1<\/strong> Snadn\u00e9 nastaven\u00ed vzd\u00e1lenosti obli\u010deje sv\u00e1\u0159e\u010de od samostm\u00edvac\u00ed kazety. Nastavte si kuklu co nejbl\u00ed\u017ee va\u0161im o\u010d\u00edm pro lep\u0161\u00ed v\u00fdhled a minim\u00e1ln\u00ed zat\u00ed\u017een\u00ed krku.<\/p>\n<p style=\"text-align: justify;\"><strong>DR\u017d\u00c1K HADICE <\/strong>Snadno odn\u00edmateln\u00fd dr\u017e\u00e1k hadice lze um\u00edstit bu\u010f vlevo nebo vpravo.<\/p>\n<p><img loading=\"lazy\" decoding=\"async\" class=\"alignnone wp-image-14869\" src=\"https:\/\/www.clean-air.cz\/wp-content\/uploads\/2022\/02\/703201_Omnira_COMBI_air-back-inside-300x300.jpg\" alt=\"\" width=\"404\" height=\"404\" srcset=\"https:\/\/www.clean-air.cz\/wp-content\/uploads\/2022\/02\/703201_Omnira_COMBI_air-back-inside-300x300.jpg 300w, https:\/\/www.clean-air.cz\/wp-content\/uploads\/2022\/02\/703201_Omnira_COMBI_air-back-inside-1024x1024.jpg 1024w, https:\/\/www.clean-air.cz\/wp-content\/uploads\/2022\/02\/703201_Omnira_COMBI_air-back-inside-150x150.jpg 150w, https:\/\/www.clean-air.cz\/wp-content\/uploads\/2022\/02\/703201_Omnira_COMBI_air-back-inside-768x768.jpg 768w, https:\/\/www.clean-air.cz\/wp-content\/uploads\/2022\/02\/703201_Omnira_COMBI_air-back-inside-1536x1536.jpg 1536w, https:\/\/www.clean-air.cz\/wp-content\/uploads\/2022\/02\/703201_Omnira_COMBI_air-back-inside-800x800.jpg 800w, https:\/\/www.clean-air.cz\/wp-content\/uploads\/2022\/02\/703201_Omnira_COMBI_air-back-inside-250x250.jpg 250w, https:\/\/www.clean-air.cz\/wp-content\/uploads\/2022\/02\/703201_Omnira_COMBI_air-back-inside.jpg 1600w\" sizes=\"(max-width: 404px) 100vw, 404px\" \/>[\/vc_column_text][\/vc_column][vc_column width=&#8220;1\/3&#8243;][vc_column_text]<strong><span style=\"font-size: 14pt; color: #be0300;\">Ochrann\u00e9 f\u00f3lie<\/span><\/strong><\/p>\n<p style=\"text-align: justify;\">Pokud chcete ochr\u00e1nit v\u00e1lcov\u00fd zorn\u00edk p\u0159ed ne\u010distotami, m\u016f\u017eete pou\u017e\u00edt ochrann\u00e9 f\u00f3lie. Ty lze jednodu\u0161e nasadit a sundat a chr\u00e1nit zorn\u00edk p\u0159ed zne\u010di\u0161t\u011bn\u00edm.<img loading=\"lazy\" decoding=\"async\" class=\"alignnone size-medium wp-image-14972\" src=\"https:\/\/www.clean-air.cz\/wp-content\/uploads\/2022\/02\/SAI_0764-Edit-300x300.jpg\" alt=\"\" width=\"300\" height=\"300\" srcset=\"https:\/\/www.clean-air.cz\/wp-content\/uploads\/2022\/02\/SAI_0764-Edit-300x300.jpg 300w, https:\/\/www.clean-air.cz\/wp-content\/uploads\/2022\/02\/SAI_0764-Edit-1024x1024.jpg 1024w, https:\/\/www.clean-air.cz\/wp-content\/uploads\/2022\/02\/SAI_0764-Edit-150x150.jpg 150w, https:\/\/www.clean-air.cz\/wp-content\/uploads\/2022\/02\/SAI_0764-Edit-768x768.jpg 768w, https:\/\/www.clean-air.cz\/wp-content\/uploads\/2022\/02\/SAI_0764-Edit-1536x1536.jpg 1536w, https:\/\/www.clean-air.cz\/wp-content\/uploads\/2022\/02\/SAI_0764-Edit-800x800.jpg 800w, https:\/\/www.clean-air.cz\/wp-content\/uploads\/2022\/02\/SAI_0764-Edit-250x250.jpg 250w, https:\/\/www.clean-air.cz\/wp-content\/uploads\/2022\/02\/SAI_0764-Edit.jpg 1600w\" sizes=\"(max-width: 300px) 100vw, 300px\" \/><\/p>\n<p>[\/vc_column_text][\/vc_column][vc_column width=&#8220;1\/3&#8243;][vc_column_text]<strong><span style=\"font-size: 14pt; color: #be0300;\">Roz\u0161i\u0159te va\u0161i ochranu<\/span><\/strong><\/p>\n<p>Omnira je standardn\u011b dod\u00e1v\u00e1na s textiln\u00ed neho\u0159lavou ochrannou hlavy a krku, kter\u00e1 zvy\u0161uje u\u017eivatelsk\u00fd komfort a p\u0159edev\u0161\u00edm ochranu.<\/p>\n<p><img loading=\"lazy\" decoding=\"async\" class=\"alignnone size-medium wp-image-14883\" src=\"https:\/\/www.clean-air.cz\/wp-content\/uploads\/2022\/02\/703072_Omnira_flipup-_textile-front-300x300.jpg\" alt=\"\" width=\"300\" height=\"300\" srcset=\"https:\/\/www.clean-air.cz\/wp-content\/uploads\/2022\/02\/703072_Omnira_flipup-_textile-front-300x300.jpg 300w, https:\/\/www.clean-air.cz\/wp-content\/uploads\/2022\/02\/703072_Omnira_flipup-_textile-front-1024x1024.jpg 1024w, https:\/\/www.clean-air.cz\/wp-content\/uploads\/2022\/02\/703072_Omnira_flipup-_textile-front-150x150.jpg 150w, https:\/\/www.clean-air.cz\/wp-content\/uploads\/2022\/02\/703072_Omnira_flipup-_textile-front-768x768.jpg 768w, https:\/\/www.clean-air.cz\/wp-content\/uploads\/2022\/02\/703072_Omnira_flipup-_textile-front-1536x1536.jpg 1536w, https:\/\/www.clean-air.cz\/wp-content\/uploads\/2022\/02\/703072_Omnira_flipup-_textile-front-800x800.jpg 800w, https:\/\/www.clean-air.cz\/wp-content\/uploads\/2022\/02\/703072_Omnira_flipup-_textile-front-250x250.jpg 250w, https:\/\/www.clean-air.cz\/wp-content\/uploads\/2022\/02\/703072_Omnira_flipup-_textile-front.jpg 1600w\" sizes=\"(max-width: 300px) 100vw, 300px\" \/><img loading=\"lazy\" decoding=\"async\" class=\"alignnone size-medium wp-image-14877\" src=\"https:\/\/www.clean-air.cz\/wp-content\/uploads\/2022\/02\/703071_Omnira_flip-up_textile-side-300x300.jpg\" alt=\"\" width=\"300\" height=\"300\" srcset=\"https:\/\/www.clean-air.cz\/wp-content\/uploads\/2022\/02\/703071_Omnira_flip-up_textile-side-300x300.jpg 300w, https:\/\/www.clean-air.cz\/wp-content\/uploads\/2022\/02\/703071_Omnira_flip-up_textile-side-1024x1024.jpg 1024w, https:\/\/www.clean-air.cz\/wp-content\/uploads\/2022\/02\/703071_Omnira_flip-up_textile-side-150x150.jpg 150w, https:\/\/www.clean-air.cz\/wp-content\/uploads\/2022\/02\/703071_Omnira_flip-up_textile-side-768x768.jpg 768w, https:\/\/www.clean-air.cz\/wp-content\/uploads\/2022\/02\/703071_Omnira_flip-up_textile-side-1536x1536.jpg 1536w, https:\/\/www.clean-air.cz\/wp-content\/uploads\/2022\/02\/703071_Omnira_flip-up_textile-side-800x800.jpg 800w, https:\/\/www.clean-air.cz\/wp-content\/uploads\/2022\/02\/703071_Omnira_flip-up_textile-side-250x250.jpg 250w, https:\/\/www.clean-air.cz\/wp-content\/uploads\/2022\/02\/703071_Omnira_flip-up_textile-side.jpg 1600w\" sizes=\"(max-width: 300px) 100vw, 300px\" \/>[\/vc_column_text][\/vc_column][\/vc_row][vc_row][vc_column width=&#8220;1\/3&#8243;][\/vc_column][\/vc_row][vc_row][vc_column][vc_tta_tabs style=&#8220;modern&#8220; shape=&#8220;square&#8220; active_section=&#8220;1&#8243; no_fill_content_area=&#8220;true&#8220; title=&#8220;Detaily&#8220;][vc_tta_section i_icon_fontawesome=&#8220;fa fa-industry&#8220; add_icon=&#8220;true&#8220; title=&#8220;Oblast pou\u017eit\u00ed&#8220; tab_id=&#8220;1513150336358-68add988-e9ea&#8220;][vc_column_text]<span style=\"color: #be0300;\"><strong>Oblasti pou\u017eit\u00ed<\/strong><\/span><\/p>\n<p>\u0160t\u00edt Omnira\u00a0 je vhodn\u00fd pro brou\u0161en\u00ed a povrchov\u00e9 \u00fapravy v t\u011b\u017ek\u00e9m pr\u016fmyslov\u00e9m prost\u0159ed\u00ed. V kombinaci s zorn\u00edkem DIN5 je vhodn\u00fd pro v\u0161echny operace \u0159ez\u00e1n\u00ed\/sva\u0159ov\u00e1n\u00ed SMAW, MIG \/ MAG, TIG a Plazma.[\/vc_column_text][\/vc_tta_section][vc_tta_section i_icon_fontawesome=&#8220;fa fa-thumbs-o-up&#8220; add_icon=&#8220;true&#8220; title=&#8220;Vlastnosti a v\u00fdhody&#8220; tab_id=&#8220;1513150336359-b7b65468-8021&#8243;][vc_column_text]<span style=\"color: #be0300;\"><strong>Vlastnosti &amp; V\u00fdhody<\/strong><\/span><\/p>\n<ul>\n<li>Nejvy\u0161\u0161\u00ed ochrana d\u00fdchac\u00edch cest a komfort d\u00edky unik\u00e1tn\u00edmu integrovan\u00e9mu syst\u00e9mu rozvodu vzduchu.<\/li>\n<li>Vn\u011bj\u0161\u00ed ovl\u00e1d\u00e1n\u00ed sm\u011bru proud\u011bn\u00ed vzduchu v kukle.<\/li>\n<li>Transparentn\u00ed zorn\u00edk s nejvy\u0161\u0161\u00ed optickou kvalitou m\u016f\u017ee b\u00fdt jednodu\u0161e vym\u011bn\u011bn za alternativy (\u017elut\u00fd, tmavost 3,5 a v\u00e1lcov\u00fd s ochrann\u00fdmi f\u00f3liemi).<\/li>\n<li>V\u00fdm\u011bna ochrann\u00e9 f\u00f3lie zabere jen okam\u017eik.<\/li>\n<li>Nov\u011b navr\u017een\u00fd hlavov\u00fd k\u0159\u00ed\u017e umo\u017e\u0148uje p\u0159esn\u00e9 nastaven\u00ed dle individu\u00e1ln\u00edch pot\u0159eb.<\/li>\n<\/ul>\n<p>[\/vc_column_text][\/vc_tta_section][vc_tta_section i_icon_fontawesome=&#8220;fa fa-cog&#8220; add_icon=&#8220;true&#8220; title=&#8220;Komplety, p\u0159\u00edslu\u0161enstv\u00ed, filtry&#8220; tab_id=&#8220;1513153137048-5f8c31c5-30ea&#8220;][vc_column_text]<\/p>\n<table style=\"width: 70.08%; height: 166px;\">\n<tbody>\n<tr style=\"height: 24px;\">\n<td style=\"text-align: left; height: 24px; width: 87.4083%;\" colspan=\"2\"><span style=\"color: #be0300;\"><strong>Complete hoods and sets<\/strong><\/span><\/td>\n<\/tr>\n<tr style=\"height: 24px;\">\n<td style=\"text-align: left; height: 24px; width: 69.1017%;\">Ochrann\u00fd \u0161t\u00edt CleanAIR Omnira air, v\u010d. hl. k\u0159\u00ed\u017ee a rozvodu vzduchu<\/td>\n<td style=\"text-align: center; height: 24px; width: 18.3066%;\">70 31 00<\/td>\n<\/tr>\n<tr style=\"height: 24px;\">\n<td style=\"text-align: left; height: 24px; width: 69.1017%;\">Ready 2 Work set &#8211; CleanAIR\u00ae AerGO\u00ae &amp; Omnira air<\/td>\n<td style=\"text-align: center; height: 24px; width: 18.3066%;\">30 31 00<\/td>\n<\/tr>\n<tr style=\"height: 24px;\">\n<td style=\"text-align: left; height: 24px; width: 69.1017%;\">Ready 2 Work set &#8211; CleanAIR\u00ae Basic &amp; Omnira air<\/td>\n<td style=\"text-align: center; height: 24px; width: 18.3066%;\">81 31 00<\/td>\n<\/tr>\n<\/tbody>\n<\/table>\n<table style=\"width: 70.88%; height: 456px;\">\n<tbody>\n<tr style=\"height: 24px;\">\n<td style=\"text-align: left; height: 24px; width: 97.8561%;\" colspan=\"2\"><span style=\"color: #be0300;\"><strong>N\u00e1hradn\u00ed d\u00edly a p\u0159\u00edslu\u0161enstv\u00ed<\/strong><\/span><\/td>\n<\/tr>\n<tr style=\"height: 24px;\">\n<td style=\"width: 81.3776%; height: 24px;\" width=\"420\">N\u00e1hradn\u00ed zorn\u00edk TR1, \u010dir\u00fd<\/td>\n<td style=\"text-align: left; width: 16.4785%; height: 24px;\">72 90 00<\/td>\n<\/tr>\n<tr style=\"height: 24px;\">\n<td style=\"width: 81.3776%; height: 24px;\" width=\"420\">N\u00e1hradn\u00ed zorn\u00edk TR1, \u017elut\u00fd<\/td>\n<td style=\"text-align: left; width: 16.4785%; height: 24px;\">72 90 01<\/td>\n<\/tr>\n<tr style=\"height: 24px;\">\n<td style=\"text-align: left; width: 81.3776%; height: 24px;\">N\u00e1hradn\u00ed zorn\u00edk TR1, \u010dir\u00fd, aPA, chemicky odoln\u00fd<\/td>\n<td style=\"text-align: left; width: 16.4785%; height: 24px;\">72 90 90<\/td>\n<\/tr>\n<tr style=\"height: 22px;\">\n<td style=\"text-align: left; width: 81.3776%; height: 24px;\">N\u00e1hradn\u00ed zorn\u00edk CR1, \u010dir\u00fd CP<\/td>\n<td style=\"text-align: left; width: 16.4785%; height: 24px;\">72 91 00<\/td>\n<\/tr>\n<tr style=\"height: 24px;\">\n<td style=\"width: 81.3776%; height: 24px;\" width=\"420\">N\u00e1hradn\u00ed zorn\u00edk TR1, tmavost 3<\/td>\n<td style=\"text-align: left; width: 16.4785%; height: 24px;\">72 90 03<\/td>\n<\/tr>\n<tr style=\"height: 24px;\">\n<td style=\"text-align: left; width: 81.3776%; height: 24px;\">N\u00e1hradn\u00ed zorn\u00edk TR1, tmavost 5<\/td>\n<td style=\"text-align: left; width: 16.4785%; height: 24px;\">72 90 05<\/td>\n<\/tr>\n<tr style=\"height: 24px;\">\n<td style=\"text-align: left; width: 81.3776%; height: 24px;\">T\u011bsnic\u00ed rou\u0161ka CleanAIR Verus air, Omnira air<\/td>\n<td style=\"text-align: left; width: 16.4785%; height: 24px;\">70 30 60<\/td>\n<\/tr>\n<tr style=\"height: 24px;\">\n<td style=\"text-align: left; width: 81.3776%; height: 24px;\">Ochrana hlavy kr\u00e1tk\u00e1 (Verus, Omnira)<\/td>\n<td style=\"text-align: left; width: 16.4785%; height: 24px;\">70 30 71<\/td>\n<\/tr>\n<tr style=\"height: 24px;\">\n<td style=\"text-align: left; width: 81.3776%; height: 24px;\">Ochrana krku (Verus, Omnira)<\/td>\n<td style=\"text-align: left; width: 16.4785%; height: 24px;\">70 30 72<\/td>\n<\/tr>\n<tr style=\"height: 24px;\">\n<td style=\"text-align: left; width: 81.3776%; height: 24px;\">Ochrana hlavy a krku (Verus, Omnira)<\/td>\n<td style=\"text-align: left; width: 16.4785%; height: 24px;\">70 30 73<\/td>\n<\/tr>\n<tr style=\"height: 24px;\">\n<td style=\"text-align: left; width: 81.3776%; height: 24px;\">VariGEAR Standard bez zadn\u00ed, horn\u00ed v\u00fdstelky, bez \u010delov\u00e9 p\u00e1sky p\u0159edn\u00ed<\/td>\n<td style=\"text-align: left; width: 16.4785%; height: 24px;\">72 00 09<\/td>\n<\/tr>\n<tr style=\"height: 24px;\">\n<td style=\"text-align: left; width: 81.3776%; height: 24px;\">VariGEAR Comfort, hlavov\u00fd k\u0159\u00ed\u017e v\u010d. \u010delov\u00e9 p\u00e1sky p\u0159edn\u00ed<\/td>\n<td style=\"text-align: left; width: 16.4785%; height: 24px;\">72 00 10<\/td>\n<\/tr>\n<tr style=\"height: 24px;\">\n<td style=\"text-align: left; width: 81.3776%; height: 24px;\">VariGEAR \u010delov\u00e1 p\u00e1ska p\u0159edn\u00ed (2 ks)<\/td>\n<td style=\"text-align: left; width: 16.4785%; height: 24px;\">72 00 15<\/td>\n<\/tr>\n<tr style=\"height: 24px;\">\n<td style=\"text-align: left; width: 81.3776%; height: 24px;\">VariGEAR comfort set (set zadn\u00ed, horn\u00ed v\u00fdstelky a \u010delov\u00e9 p\u00e1sky p\u0159edn\u00ed)<\/td>\n<td style=\"text-align: left; width: 16.4785%; height: 24px;\">72 00 17<\/td>\n<\/tr>\n<tr style=\"height: 24px;\">\n<td style=\"text-align: left; width: 81.3776%; height: 24px;\">Zadn\u00ed v\u00fdst\u00e9lka VariGEAR<\/td>\n<td style=\"text-align: left; width: 16.4785%; height: 24px;\">72 00 14<\/td>\n<\/tr>\n<tr style=\"height: 24px;\">\n<td style=\"text-align: left; width: 81.3776%; height: 24px;\">Horn\u00ed v\u00fdst\u00e9lka VariGEAR<\/td>\n<td style=\"text-align: left; width: 16.4785%; height: 24px;\">72 00 16<\/td>\n<\/tr>\n<tr style=\"height: 48px;\">\n<td style=\"text-align: left; width: 81.3776%; height: 48px;\">Ochrann\u00e1 folie pro CR1 (Uni-Mask, Omnira), balen\u00ed 10 ks<\/td>\n<td style=\"text-align: left; width: 16.4785%; height: 48px;\">72 03 20\/10<\/td>\n<\/tr>\n<\/tbody>\n<\/table>\n<p>[\/vc_column_text][\/vc_tta_section][vc_tta_section i_icon_fontawesome=&#8220;fa fa-wrench&#8220; add_icon=&#8220;true&#8220; title=&#8220;Technick\u00e1 data&#8220; tab_id=&#8220;1513153797992-792040b0-82c9&#8243;][vc_column_text]<\/p>\n<table style=\"width: 100%; height: 288px;\">\n<tbody>\n<tr style=\"height: 24px;\">\n<td style=\"text-align: left; height: 24px;\" colspan=\"2\"><span style=\"color: #be0300;\"><strong>Technick\u00e1 data<\/strong><\/span><\/td>\n<\/tr>\n<tr style=\"height: 21px;\">\n<td style=\"text-align: left; height: 36px;\">Hmotnost<\/td>\n<td style=\"text-align: center; height: 36px;\">717 g<\/td>\n<\/tr>\n<tr style=\"height: 15px;\">\n<td style=\"text-align: left; height: 36px;\">Materi\u00e1l<\/td>\n<td style=\"text-align: center; height: 36px;\">Skelet kukly- PA<br \/>\nZorn\u00edk &#8211; PC<br \/>\nHlavov\u00fd k\u0159\u00ed\u017e &#8211; PP, PA<\/td>\n<\/tr>\n<tr style=\"height: 24px;\">\n<td style=\"text-align: left; height: 24px;\">Konektor hadice<\/td>\n<td style=\"text-align: center; height: 24px;\">QuickLOCK\u2122<\/td>\n<\/tr>\n<tr style=\"height: 48px;\">\n<td style=\"text-align: left; height: 48px;\">Certifikace \/ NPF<br \/>\n\u2013 ochrana d\u00fdchac\u00edch cest<\/td>\n<td style=\"text-align: center; height: 48px;\">Filtra\u010dn\u011b-ventila\u010dn\u00ed jednotky &#8211; EN 12941, TH3 \/ NPF 500<br \/>\nSyst\u00e9my tlakov\u00e9ho vzduchu &#8211; EN 14594 (3B) \/ NPF 200<\/td>\n<\/tr>\n<tr style=\"height: 48px;\">\n<td style=\"text-align: left; height: 48px;\">Certifikace<br \/>\n\u2013 ochrana zraku a obli\u010deje<\/td>\n<td style=\"text-align: center; height: 48px;\">Ochrann\u00fd \u0161t\u00edt TR1 &#8211; EN166 1 FT B K N<br \/>\nSkelet- EN166 3 4 5 FT B 5\/2-5<\/td>\n<\/tr>\n<\/tbody>\n<\/table>\n<p>[\/vc_column_text][\/vc_tta_section][vc_tta_section i_icon_fontawesome=&#8220;fa fa-download&#8220; add_icon=&#8220;true&#8220; title=&#8220;Ke sta\u017een\u00ed&#8220; tab_id=&#8220;1513154098935-95c74e4f-fa1e&#8220;][vc_column_text]<a href=\"https:\/\/www.clean-air.cz\/wp-content\/uploads\/2025\/06\/PS-703100-1-R4-Omnira-air.pdf\">Declaration of Confornity &#8211; 703100-1-R4 Omnira air<\/a><\/p>\n<p><a href=\"https:\/\/www.clean-air.cz\/wp-content\/uploads\/2023\/12\/CNA-120-R02-UM-Omnira_DIGI.pdf\">User manual &#8211; CNA-120-R02-UM-Omnira_DIGI<\/a><\/p>\n<p><a href=\"https:\/\/www.clean-air.cz\/wp-content\/uploads\/2025\/01\/DA-105_-_703201_-_Omnira_-_EN.pdf\">Datasheet DA-105_-_703201_-_Omnira_-_EN<\/a>[\/vc_column_text][\/vc_tta_section][vc_tta_section i_icon_fontawesome=&#8220;fa fa-picture-o&#8220; add_icon=&#8220;true&#8220; title=&#8220;Galerie&#8220; tab_id=&#8220;1515415801460-0c2258c9-4574&#8243;][vc_gallery type=&#8220;image_grid&#8220; images=&#8220;14904,14890,14980&#8243; img_size=&#8220;medium&#8220; css_animation=&#8220;fadeIn&#8220; css=&#8220;.vc_custom_1751462029972{padding-left: 280px !important;}&#8220; el_class=&#8220;optomax_gallery&#8220;][\/vc_tta_section][\/vc_tta_tabs][\/vc_column][\/vc_row][vc_row][vc_column][vc_separator][\/vc_column][\/vc_row]<\/p>\n","protected":false},"excerpt":{"rendered":"<p>[vc_row][vc_column width=&#8220;1\/2&#8243;][vc_gallery interval=&#8220;3&#8243; images=&#8220;14999,15223&#8243; img_size=&#8220;large&#8220;][\/vc_column][vc_column width=&#8220;1\/2&#8243;][vc_column_text]KDY\u017d POT\u0158EBUJETE PERFEKTN\u00cd OCHRANU Brusn\u00fd \u0161t\u00edt s integrovan\u00fdm rozvodem vzduchu pro nejvy\u0161\u0161\u00ed ochranu d\u00fdchac\u00edch cest, ochranu o\u010d\u00ed a obli\u010deje. Nab\u00edz\u00ed tak\u00e9 vysokou ochranu proti vysokorychlostn\u00edm \u010d\u00e1stic\u00edm. \u0160t\u00edt lze roz\u0161\u00ed\u0159it o sv\u00e1\u0159e\u010dsk\u00fd \u0161t\u00edt, \u010d\u00edm\u017e z\u00edsk\u00e1te plnohodnotnou sv\u00e1\u0159e\u010dskou v\u00fdklopnou helmu. \u0160t\u00edt je vyvinut\u00fd\u00a0pro pou\u017eit\u00ed v kombinaci s filtra\u010dn\u011b-ventila\u010dn\u00edmi syst\u00e9my pro ochranu d\u00fdchac\u00edch cest CleanAIR\u00ae nebo syst\u00e9my pro konstantn\u00ed dod\u00e1vku tlakov\u00e9ho vzduchu CleanAIR\u00ae. Brochure Omnira CZ 2022 download[\/vc_column_text][\/vc_column][\/vc_row][vc_row][vc_column<\/p>\n<p><a class=\"more-link\" href=\"https:\/\/www.clean-air.cz\/cs\/hlavove-dily\/brusne-stity\/omnira-air\/\">Read More<\/a><\/p>\n","protected":false},"author":11,"featured_media":0,"parent":3257,"menu_order":0,"comment_status":"closed","ping_status":"closed","template":"","meta":{"footnotes":""},"_links":{"self":[{"href":"https:\/\/www.clean-air.cz\/cs\/wp-json\/wp\/v2\/pages\/15274"}],"collection":[{"href":"https:\/\/www.clean-air.cz\/cs\/wp-json\/wp\/v2\/pages"}],"about":[{"href":"https:\/\/www.clean-air.cz\/cs\/wp-json\/wp\/v2\/types\/page"}],"author":[{"embeddable":true,"href":"https:\/\/www.clean-air.cz\/cs\/wp-json\/wp\/v2\/users\/11"}],"replies":[{"embeddable":true,"href":"https:\/\/www.clean-air.cz\/cs\/wp-json\/wp\/v2\/comments?post=15274"}],"version-history":[{"count":0,"href":"https:\/\/www.clean-air.cz\/cs\/wp-json\/wp\/v2\/pages\/15274\/revisions"}],"up":[{"embeddable":true,"href":"https:\/\/www.clean-air.cz\/cs\/wp-json\/wp\/v2\/pages\/3257"}],"wp:attachment":[{"href":"https:\/\/www.clean-air.cz\/cs\/wp-json\/wp\/v2\/media?parent=15274"}],"curies":[{"name":"wp","href":"https:\/\/api.w.org\/{rel}","templated":true}]}}