{"id":10122,"date":"2020-06-12T11:19:07","date_gmt":"2020-06-12T09:19:07","guid":{"rendered":"https:\/\/www.clean-air.cz\/sety\/"},"modified":"2022-04-22T13:26:14","modified_gmt":"2022-04-22T11:26:14","slug":"sety","status":"publish","type":"page","link":"https:\/\/www.clean-air.cz\/cs\/sety\/","title":{"rendered":"Ready 2 Weld sety"},"content":{"rendered":"<p>[vc_row][vc_column][vc_column_text]<strong><span data-preserver-spaces=\"true\">Ready 2 Weld<\/span><\/strong> <span data-preserver-spaces=\"true\">sety <\/span><strong><span data-preserver-spaces=\"true\">CleanAIR<sup>\u00ae<\/sup> <\/span><\/strong><span data-preserver-spaces=\"true\">obsahuj\u00ed v\u0161e co pot\u0159ebujete k pr\u00e1ci v jedin\u00e9m balen\u00ed. Set se skl\u00e1d\u00e1 ze <a href=\"https:\/\/www.clean-air.cz\/cs\/hlavove-dily\/svareci-kukly\/\">sv\u00e1\u0159e\u010dsk\u00e9 kukly<\/a>,\u00a0 <a href=\"https:\/\/www.clean-air.cz\/cs\/system-osobni-ochrany-dychacich-cest\/\">PAPR<\/a>, hadice a p\u0159epravn\u00ed ta\u0161ky.<\/span>[\/vc_column_text][\/vc_column][\/vc_row][vc_row][vc_column width=&#8220;1\/4&#8243;][vc_single_image image=&#8220;15674&#8243; img_size=&#8220;full&#8220; alignment=&#8220;center&#8220; title=&#8220;Omnira COMBI air &amp; AerGO\u00ae&#8220;][vc_btn title=&#8220;Zobrazit produkt&#8220; color=&#8220;juicy-pink&#8220; align=&#8220;center&#8220; i_icon_fontawesome=&#8220;fas fa-arrow-right&#8220; add_icon=&#8220;true&#8220; link=&#8220;url:https%3A%2F%2Fwww.clean-air.cz%2Fready-2-weld-sets%2Fready-2-weld-omnira-combi-aergo%2F|title:Ready%202%20Weld%20set%20Omnira%20COMBI%20air%20%26%20AerGO%C2%AE|&#8220;][\/vc_column][vc_column width=&#8220;1\/4&#8243;][vc_single_image image=&#8220;15680&#8243; img_size=&#8220;full&#8220; alignment=&#8220;center&#8220; title=&#8220;Omnira COMBI air &amp; Basic&#8220;][vc_btn title=&#8220;Zobrazit produkt&#8220; color=&#8220;juicy-pink&#8220; align=&#8220;center&#8220; i_icon_fontawesome=&#8220;fas fa-arrow-right&#8220; add_icon=&#8220;true&#8220; link=&#8220;url:https%3A%2F%2Fwww.clean-air.cz%2Fsets%2Fready-2-weld-set-omnira-combi-air-basic%2F|title:Ready%202%20Weld%20set%20Omnira%20COMBI%20air%20%26%20Basic|&#8220;][\/vc_column][vc_column width=&#8220;1\/4&#8243;][vc_single_image image=&#8220;15686&#8243; img_size=&#8220;full&#8220; alignment=&#8220;center&#8220; title=&#8220;Verus air &amp; AerGO\u00ae&#8220;][vc_btn title=&#8220;Zobrazit produkt&#8220; color=&#8220;juicy-pink&#8220; align=&#8220;center&#8220; i_icon_fontawesome=&#8220;fas fa-arrow-right&#8220; add_icon=&#8220;true&#8220; link=&#8220;url:https%3A%2F%2Fwww.clean-air.cz%2Fready-2-weld-sets%2Fready-2-weld-set-verus-air-aergo%2F|title:Ready%202%20Weld%20set%20Verus%20air%20%26%20AerGO%C2%AE|&#8220;][\/vc_column][vc_column width=&#8220;1\/4&#8243;][vc_single_image image=&#8220;15692&#8243; img_size=&#8220;full&#8220; alignment=&#8220;center&#8220; title=&#8220;Verus air &amp; Basic&#8220;][vc_btn title=&#8220;Zobrazit produkt&#8220; color=&#8220;juicy-pink&#8220; align=&#8220;center&#8220; i_icon_fontawesome=&#8220;fas fa-arrow-right&#8220; add_icon=&#8220;true&#8220; link=&#8220;url:https%3A%2F%2Fwww.clean-air.cz%2Fready-2-weld-sets%2Fready-2-weld-set-verus-air-basic%2F|title:R2W%20Verus%20air%20%26%20Basic|&#8220;][\/vc_column][\/vc_row][vc_row][vc_column width=&#8220;1\/4&#8243;][vc_single_image image=&#8220;15717&#8243; img_size=&#8220;full&#8220; alignment=&#8220;center&#8220; title=&#8220;AerTEC\u2122 OptoMAX &amp; AerGO\u00ae&#8220;][vc_btn title=&#8220;Zobrazit produkt&#8220; color=&#8220;juicy-pink&#8220; align=&#8220;center&#8220; i_icon_fontawesome=&#8220;fas fa-arrow-right&#8220; add_icon=&#8220;true&#8220; link=&#8220;url:https%3A%2F%2Fwww.clean-air.cz%2Fcs%2Fsety%2Fready-2-weld-set-optomax-aergo%2F|title:Ready%202%20Weld%20set%20OptoMAX%20%26%20AerGO%C2%AE|&#8220;][\/vc_column][vc_column width=&#8220;1\/4&#8243;][vc_single_image image=&#8220;15723&#8243; img_size=&#8220;full&#8220; alignment=&#8220;center&#8220; title=&#8220;R2W AerTEC\u2122 OptoMAX &amp; Basic&#8220;][vc_btn title=&#8220;Zobrazit produkt&#8220; color=&#8220;juicy-pink&#8220; align=&#8220;center&#8220; i_icon_fontawesome=&#8220;fas fa-arrow-right&#8220; add_icon=&#8220;true&#8220; link=&#8220;url:https%3A%2F%2Fwww.clean-air.cz%2Fready-2-weld-sets%2Fready-2-weld-set-aertec-optomax-basic%2F|title:Ready%202%20Weld%20set%20OptoMAX%20%26%20Basic|&#8220;][\/vc_column][vc_column width=&#8220;1\/4&#8243;][vc_single_image image=&#8220;15742&#8243; img_size=&#8220;full&#8220; alignment=&#8220;center&#8220; title=&#8220;AerTEC\u2122 RangeMAX &amp; AerGO\u00ae&#8220;][vc_btn title=&#8220;Zobrazit produkt&#8220; color=&#8220;juicy-pink&#8220; align=&#8220;center&#8220; i_icon_fontawesome=&#8220;fas fa-arrow-right&#8220; add_icon=&#8220;true&#8220; link=&#8220;url:https%3A%2F%2Fwww.clean-air.cz%2Fcs%2Fsety%2Fready-2-weld-set-rangemax-aergo%2F|title:R2W%20AerTEC%E2%84%A2%20RangeMAX%20%26%20AerGO%C2%AE|&#8220;][\/vc_column][vc_column width=&#8220;1\/4&#8243;][vc_single_image image=&#8220;15756&#8243; img_size=&#8220;full&#8220; alignment=&#8220;center&#8220; title=&#8220;AerTEC\u2122 RangeMAX &amp; Basic&#8220;][vc_btn title=&#8220;Zobrazit produkt&#8220; color=&#8220;juicy-pink&#8220; align=&#8220;center&#8220; i_icon_fontawesome=&#8220;fas fa-arrow-right&#8220; add_icon=&#8220;true&#8220; link=&#8220;url:https%3A%2F%2Fwww.clean-air.cz%2Fcs%2Fsety%2Fready-2-weld-set-rangemax-basic%2F|title:R2W%20AerTEC%E2%84%A2%20RangeMAX%20%26%20Basic|&#8220;][\/vc_column][\/vc_row]<\/p>\n","protected":false},"excerpt":{"rendered":"<p>[vc_row][vc_column][vc_column_text]Ready 2 Weld sety CleanAIR\u00ae obsahuj\u00ed v\u0161e co pot\u0159ebujete k pr\u00e1ci v jedin\u00e9m balen\u00ed. Set se skl\u00e1d\u00e1 ze sv\u00e1\u0159e\u010dsk\u00e9 kukly,\u00a0 PAPR, hadice a p\u0159epravn\u00ed ta\u0161ky.[\/vc_column_text][\/vc_column][\/vc_row][vc_row][vc_column width=&#8220;1\/4&#8243;][vc_single_image image=&#8220;15674&#8243; img_size=&#8220;full&#8220; alignment=&#8220;center&#8220; title=&#8220;Omnira COMBI air &amp; AerGO\u00ae&#8220;][vc_btn title=&#8220;Zobrazit produkt&#8220; color=&#8220;juicy-pink&#8220; align=&#8220;center&#8220; i_icon_fontawesome=&#8220;fas fa-arrow-right&#8220; add_icon=&#8220;true&#8220; link=&#8220;url:https%3A%2F%2Fwww.clean-air.cz%2Fready-2-weld-sets%2Fready-2-weld-omnira-combi-aergo%2F|title:Ready%202%20Weld%20set%20Omnira%20COMBI%20air%20%26%20AerGO%C2%AE|&#8220;][\/vc_column][vc_column width=&#8220;1\/4&#8243;][vc_single_image image=&#8220;15680&#8243; img_size=&#8220;full&#8220; alignment=&#8220;center&#8220; title=&#8220;Omnira COMBI air &amp; Basic&#8220;][vc_btn title=&#8220;Zobrazit produkt&#8220; color=&#8220;juicy-pink&#8220; align=&#8220;center&#8220; i_icon_fontawesome=&#8220;fas fa-arrow-right&#8220; add_icon=&#8220;true&#8220; link=&#8220;url:https%3A%2F%2Fwww.clean-air.cz%2Fsets%2Fready-2-weld-set-omnira-combi-air-basic%2F|title:Ready%202%20Weld%20set%20Omnira%20COMBI%20air%20%26%20Basic|&#8220;][\/vc_column][vc_column width=&#8220;1\/4&#8243;][vc_single_image image=&#8220;15686&#8243; img_size=&#8220;full&#8220; alignment=&#8220;center&#8220; title=&#8220;Verus air &amp; AerGO\u00ae&#8220;][vc_btn title=&#8220;Zobrazit produkt&#8220; color=&#8220;juicy-pink&#8220;<\/p>\n<p><a class=\"more-link\" href=\"https:\/\/www.clean-air.cz\/cs\/sety\/\">Read More<\/a><\/p>\n","protected":false},"author":11,"featured_media":0,"parent":0,"menu_order":0,"comment_status":"closed","ping_status":"closed","template":"","meta":{"footnotes":""},"_links":{"self":[{"href":"https:\/\/www.clean-air.cz\/cs\/wp-json\/wp\/v2\/pages\/10122"}],"collection":[{"href":"https:\/\/www.clean-air.cz\/cs\/wp-json\/wp\/v2\/pages"}],"about":[{"href":"https:\/\/www.clean-air.cz\/cs\/wp-json\/wp\/v2\/types\/page"}],"author":[{"embeddable":true,"href":"https:\/\/www.clean-air.cz\/cs\/wp-json\/wp\/v2\/users\/11"}],"replies":[{"embeddable":true,"href":"https:\/\/www.clean-air.cz\/cs\/wp-json\/wp\/v2\/comments?post=10122"}],"version-history":[{"count":0,"href":"https:\/\/www.clean-air.cz\/cs\/wp-json\/wp\/v2\/pages\/10122\/revisions"}],"wp:attachment":[{"href":"https:\/\/www.clean-air.cz\/cs\/wp-json\/wp\/v2\/media?parent=10122"}],"curies":[{"name":"wp","href":"https:\/\/api.w.org\/{rel}","templated":true}]}}